{"id":13084,"date":"2024-06-20T15:17:39","date_gmt":"2024-06-20T13:17:39","guid":{"rendered":"http:\/\/develop.eam-scientific.com\/produkt\/lc-ambalaj-malzemesi-sorbentler-doekme-magnezyum-silikat-florisil\/"},"modified":"2024-06-20T15:17:39","modified_gmt":"2024-06-20T13:17:39","slug":"lc-ambalaj-malzemesi-sorbentler-doekme-magnezyum-silikat-florisil","status":"publish","type":"product","link":"https:\/\/develop.eam-scientific.com\/tr\/produkt\/lc-ambalaj-malzemesi-sorbentler-doekme-magnezyum-silikat-florisil\/","title":{"rendered":"LC, ambalaj malzemesi (sorbentler, d\u00f6kme), magnezyum silikat, Florisil"},"content":{"rendered":"<p>Ambalaj malzemesi, normal faz uygulamalar\u0131 i\u00e7in adsorbanlar. Florisil bir magnezyum silikatt\u0131r.<\/p>\n","protected":false},"excerpt":{"rendered":"<p>Ambalaj malzemesi, normal faz uygulamalar\u0131 i\u00e7in adsorbanlar. Florisil bir magnezyum silikatt\u0131r.<\/p>\n","protected":false},"featured_media":16094,"comment_status":"open","ping_status":"closed","template":"","meta":[],"product_cat":[106,125,67],"product_tag":[],"class_list":{"0":"post-13084","1":"product","2":"type-product","3":"status-publish","4":"has-post-thumbnail","6":"product_cat-flas-kromatografi-lc-sorbentleri","7":"product_cat-flas-ve-lc-sorbentleri","8":"product_cat-kromatografi","10":"first","11":"instock","12":"shipping-taxable","13":"product-type-simple"},"_links":{"self":[{"href":"https:\/\/develop.eam-scientific.com\/tr\/wp-json\/wp\/v2\/product\/13084","targetHints":{"allow":["GET"]}}],"collection":[{"href":"https:\/\/develop.eam-scientific.com\/tr\/wp-json\/wp\/v2\/product"}],"about":[{"href":"https:\/\/develop.eam-scientific.com\/tr\/wp-json\/wp\/v2\/types\/product"}],"replies":[{"embeddable":true,"href":"https:\/\/develop.eam-scientific.com\/tr\/wp-json\/wp\/v2\/comments?post=13084"}],"wp:featuredmedia":[{"embeddable":true,"href":"https:\/\/develop.eam-scientific.com\/tr\/wp-json\/wp\/v2\/media\/16094"}],"wp:attachment":[{"href":"https:\/\/develop.eam-scientific.com\/tr\/wp-json\/wp\/v2\/media?parent=13084"}],"wp:term":[{"taxonomy":"product_cat","embeddable":true,"href":"https:\/\/develop.eam-scientific.com\/tr\/wp-json\/wp\/v2\/product_cat?post=13084"},{"taxonomy":"product_tag","embeddable":true,"href":"https:\/\/develop.eam-scientific.com\/tr\/wp-json\/wp\/v2\/product_tag?post=13084"}],"curies":[{"name":"wp","href":"https:\/\/api.w.org\/{rel}","templated":true}]}}