{"id":13089,"date":"2024-06-20T15:17:39","date_gmt":"2024-06-20T13:17:39","guid":{"rendered":"http:\/\/develop.eam-scientific.com\/produkt\/lc-ambalaj-malzemesi-sorbentler-doekme-selueloz-mn-2100ff\/"},"modified":"2024-06-20T15:17:39","modified_gmt":"2024-06-20T13:17:39","slug":"lc-ambalaj-malzemesi-sorbentler-doekme-selueloz-mn-2100ff","status":"publish","type":"product","link":"https:\/\/develop.eam-scientific.com\/tr\/produkt\/lc-ambalaj-malzemesi-sorbentler-doekme-selueloz-mn-2100ff\/","title":{"rendered":"LC, ambalaj malzemesi (sorbentler, d\u00f6kme), sel\u00fcloz MN 2100ff"},"content":{"rendered":"<p>Sel\u00fcloz tozu &#8211; ambalaj malzemesi, kolon kromatografisi i\u00e7in sorbent. &lt; &lt; &lt; &lt; Do\u011fal lifli sel\u00fcloz, safla\u015ft\u0131r\u0131lm\u0131\u015f kalite (birka\u00e7 eluent ile y\u0131kanm\u0131\u015f), ortalama polimerizasyon derecesi 620-680, lif uzunlu\u011fu (%85) 20-75 \u03bcm, Blaine&#8217;e g\u00f6re spesifik y\u00fczey alan\u0131 ~ 5500 cm\u00b2\/g, 850 \u00b0 C&#8217;de tutu\u015fma kal\u0131nt\u0131s\u0131 1000 ppm, 2 ppm Fe, 1 ppm Cu, 2 ppm P. &lt; Kalite MN 2100ff, %0,02 oran\u0131nda diklorometan \u00f6z\u00fct\u00fc i\u00e7eren, ya\u011f\u0131 al\u0131nm\u0131\u015f bir sel\u00fcloz MN 2100&#8217;d\u00fcr.<\/p>\n","protected":false},"excerpt":{"rendered":"<p>Sel\u00fcloz tozu &#8211; ambalaj malzemesi, kolon kromatografisi i\u00e7in sorbent. &lt; &lt; &lt; &lt; Do\u011fal lifli sel\u00fcloz, safla\u015ft\u0131r\u0131lm\u0131\u015f kalite (birka\u00e7 eluent ile y\u0131kanm\u0131\u015f), ortalama polimerizasyon derecesi 620-680, lif uzunlu\u011fu (%85) 20-75 \u03bcm, Blaine&#8217;e g\u00f6re spesifik y\u00fczey alan\u0131 ~ 5500 cm\u00b2\/g, 850 \u00b0 C&#8217;de tutu\u015fma kal\u0131nt\u0131s\u0131 1000 ppm, 2 ppm Fe, 1 ppm Cu, 2 ppm P. [&hellip;]<\/p>\n","protected":false},"featured_media":9748,"comment_status":"open","ping_status":"closed","template":"","meta":[],"product_cat":[106,125,67],"product_tag":[],"class_list":{"0":"post-13089","1":"product","2":"type-product","3":"status-publish","4":"has-post-thumbnail","6":"product_cat-flas-kromatografi-lc-sorbentleri","7":"product_cat-flas-ve-lc-sorbentleri","8":"product_cat-kromatografi","10":"first","11":"instock","12":"shipping-taxable","13":"product-type-simple"},"_links":{"self":[{"href":"https:\/\/develop.eam-scientific.com\/tr\/wp-json\/wp\/v2\/product\/13089","targetHints":{"allow":["GET"]}}],"collection":[{"href":"https:\/\/develop.eam-scientific.com\/tr\/wp-json\/wp\/v2\/product"}],"about":[{"href":"https:\/\/develop.eam-scientific.com\/tr\/wp-json\/wp\/v2\/types\/product"}],"replies":[{"embeddable":true,"href":"https:\/\/develop.eam-scientific.com\/tr\/wp-json\/wp\/v2\/comments?post=13089"}],"wp:featuredmedia":[{"embeddable":true,"href":"https:\/\/develop.eam-scientific.com\/tr\/wp-json\/wp\/v2\/media\/9748"}],"wp:attachment":[{"href":"https:\/\/develop.eam-scientific.com\/tr\/wp-json\/wp\/v2\/media?parent=13089"}],"wp:term":[{"taxonomy":"product_cat","embeddable":true,"href":"https:\/\/develop.eam-scientific.com\/tr\/wp-json\/wp\/v2\/product_cat?post=13089"},{"taxonomy":"product_tag","embeddable":true,"href":"https:\/\/develop.eam-scientific.com\/tr\/wp-json\/wp\/v2\/product_tag?post=13089"}],"curies":[{"name":"wp","href":"https:\/\/api.w.org\/{rel}","templated":true}]}}