{"id":13092,"date":"2024-06-20T15:17:18","date_gmt":"2024-06-20T13:17:18","guid":{"rendered":"http:\/\/develop.eam-scientific.com\/produkt\/lc-ambalaj-malzemesi-sorbentler-doekme-silika-jel-polygoprep-60-30\/"},"modified":"2024-06-20T15:17:18","modified_gmt":"2024-06-20T13:17:18","slug":"lc-ambalaj-malzemesi-sorbentler-doekme-silika-jel-polygoprep-60-30","status":"publish","type":"product","link":"https:\/\/develop.eam-scientific.com\/tr\/produkt\/lc-ambalaj-malzemesi-sorbentler-doekme-silika-jel-polygoprep-60-30\/","title":{"rendered":"LC, ambalaj malzemesi (sorbentler, d\u00f6kme), silika jel, POLYGOPREP 60-30"},"content":{"rendered":"<p>S\u0131v\u0131 kromatografisi i\u00e7in k\u0131r\u0131lm\u0131\u015f silika jel faz\u0131 (preparatif). Son derece saf, modifiye edilmemi\u015f silika jel (SiOH).<\/p>\n","protected":false},"excerpt":{"rendered":"<p>S\u0131v\u0131 kromatografisi i\u00e7in k\u0131r\u0131lm\u0131\u015f silika jel faz\u0131 (preparatif). Son derece saf, modifiye edilmemi\u015f silika jel (SiOH).<\/p>\n","protected":false},"featured_media":9742,"comment_status":"open","ping_status":"closed","template":"","meta":[],"product_cat":[106,125,67],"product_tag":[],"class_list":{"0":"post-13092","1":"product","2":"type-product","3":"status-publish","4":"has-post-thumbnail","6":"product_cat-flas-kromatografi-lc-sorbentleri","7":"product_cat-flas-ve-lc-sorbentleri","8":"product_cat-kromatografi","10":"first","11":"instock","12":"shipping-taxable","13":"product-type-simple"},"_links":{"self":[{"href":"https:\/\/develop.eam-scientific.com\/tr\/wp-json\/wp\/v2\/product\/13092","targetHints":{"allow":["GET"]}}],"collection":[{"href":"https:\/\/develop.eam-scientific.com\/tr\/wp-json\/wp\/v2\/product"}],"about":[{"href":"https:\/\/develop.eam-scientific.com\/tr\/wp-json\/wp\/v2\/types\/product"}],"replies":[{"embeddable":true,"href":"https:\/\/develop.eam-scientific.com\/tr\/wp-json\/wp\/v2\/comments?post=13092"}],"wp:featuredmedia":[{"embeddable":true,"href":"https:\/\/develop.eam-scientific.com\/tr\/wp-json\/wp\/v2\/media\/9742"}],"wp:attachment":[{"href":"https:\/\/develop.eam-scientific.com\/tr\/wp-json\/wp\/v2\/media?parent=13092"}],"wp:term":[{"taxonomy":"product_cat","embeddable":true,"href":"https:\/\/develop.eam-scientific.com\/tr\/wp-json\/wp\/v2\/product_cat?post=13092"},{"taxonomy":"product_tag","embeddable":true,"href":"https:\/\/develop.eam-scientific.com\/tr\/wp-json\/wp\/v2\/product_tag?post=13092"}],"curies":[{"name":"wp","href":"https:\/\/api.w.org\/{rel}","templated":true}]}}