{"id":13134,"date":"2024-06-20T15:16:36","date_gmt":"2024-06-20T13:16:36","guid":{"rendered":"http:\/\/develop.eam-scientific.com\/produkt\/lc-ambalaj-malzemesi-sorbentler-doekme-alueminyum-oksit-bazik-alox-b\/"},"modified":"2024-06-20T15:16:36","modified_gmt":"2024-06-20T13:16:36","slug":"lc-ambalaj-malzemesi-sorbentler-doekme-alueminyum-oksit-bazik-alox-b","status":"publish","type":"product","link":"https:\/\/develop.eam-scientific.com\/tr\/produkt\/lc-ambalaj-malzemesi-sorbentler-doekme-alueminyum-oksit-bazik-alox-b\/","title":{"rendered":"LC, ambalaj malzemesi (sorbentler, d\u00f6kme), al\u00fcminyum oksit, bazik, Alox B"},"content":{"rendered":"<p>Kolon kromatografisi i\u00e7in al\u00fcminyum oksit sorbent (aktivite seviyesi I). Hidrargillit gibi \u00e7e\u015fitli al\u00fcminyum hidroksitlerin 400 ila 500 \u00b0C aras\u0131nda dehidrasyonu ile \u00fcretilen al\u00fcminyum oksitler. B &#8211; bazik pH de\u011feri 9,5 \u00b1 0,3 \u00b1 0,3.<\/p>\n","protected":false},"excerpt":{"rendered":"<p>Kolon kromatografisi i\u00e7in al\u00fcminyum oksit sorbent (aktivite seviyesi I). Hidrargillit gibi \u00e7e\u015fitli al\u00fcminyum hidroksitlerin 400 ila 500 \u00b0C aras\u0131nda dehidrasyonu ile \u00fcretilen al\u00fcminyum oksitler. B &#8211; bazik pH de\u011feri 9,5 \u00b1 0,3 \u00b1 0,3.<\/p>\n","protected":false},"featured_media":16088,"comment_status":"open","ping_status":"closed","template":"","meta":[],"product_cat":[106,125,67],"product_tag":[],"class_list":{"0":"post-13134","1":"product","2":"type-product","3":"status-publish","4":"has-post-thumbnail","6":"product_cat-flas-kromatografi-lc-sorbentleri","7":"product_cat-flas-ve-lc-sorbentleri","8":"product_cat-kromatografi","10":"first","11":"instock","12":"shipping-taxable","13":"product-type-simple"},"_links":{"self":[{"href":"https:\/\/develop.eam-scientific.com\/tr\/wp-json\/wp\/v2\/product\/13134","targetHints":{"allow":["GET"]}}],"collection":[{"href":"https:\/\/develop.eam-scientific.com\/tr\/wp-json\/wp\/v2\/product"}],"about":[{"href":"https:\/\/develop.eam-scientific.com\/tr\/wp-json\/wp\/v2\/types\/product"}],"replies":[{"embeddable":true,"href":"https:\/\/develop.eam-scientific.com\/tr\/wp-json\/wp\/v2\/comments?post=13134"}],"wp:featuredmedia":[{"embeddable":true,"href":"https:\/\/develop.eam-scientific.com\/tr\/wp-json\/wp\/v2\/media\/16088"}],"wp:attachment":[{"href":"https:\/\/develop.eam-scientific.com\/tr\/wp-json\/wp\/v2\/media?parent=13134"}],"wp:term":[{"taxonomy":"product_cat","embeddable":true,"href":"https:\/\/develop.eam-scientific.com\/tr\/wp-json\/wp\/v2\/product_cat?post=13134"},{"taxonomy":"product_tag","embeddable":true,"href":"https:\/\/develop.eam-scientific.com\/tr\/wp-json\/wp\/v2\/product_tag?post=13134"}],"curies":[{"name":"wp","href":"https:\/\/api.w.org\/{rel}","templated":true}]}}