{"id":13135,"date":"2024-06-20T15:16:36","date_gmt":"2024-06-20T13:16:36","guid":{"rendered":"http:\/\/develop.eam-scientific.com\/produkt\/dc-sorbent-doekme-uv-indikatoerlue-silika-jel-p-f254-5-50-%ce%bcm\/"},"modified":"2024-07-01T22:38:12","modified_gmt":"2024-07-01T20:38:12","slug":"dc-sorbent-doekme-uv-indikatoerlue-silika-jel-p-f254-5-50-%ce%bcm","status":"publish","type":"product","link":"https:\/\/develop.eam-scientific.com\/tr\/produkt\/dc-sorbent-doekme-uv-indikatoerlue-silika-jel-p-f254-5-50-%ce%bcm\/","title":{"rendered":"TLC sorbent (d\u00f6kme), UV indikat\u00f6rl\u00fc silika jel P F254, 5-50 \u03bcm"},"content":{"rendered":"<p>\u0130nce tabaka kromatografisi i\u00e7in cam plakalar\u0131n veya filmlerin kendili\u011finden kaplanmas\u0131 i\u00e7in TLC sorbent.<\/p>\n","protected":false},"excerpt":{"rendered":"<p>\u0130nce tabaka kromatografisi i\u00e7in cam plakalar\u0131n veya filmlerin kendili\u011finden kaplanmas\u0131 i\u00e7in TLC sorbent.<\/p>\n","protected":false},"featured_media":15944,"comment_status":"open","ping_status":"closed","template":"","meta":[],"product_cat":[106,125,67],"product_tag":[],"class_list":{"0":"post-13135","1":"product","2":"type-product","3":"status-publish","4":"has-post-thumbnail","6":"product_cat-flas-kromatografi-lc-sorbentleri","7":"product_cat-flas-ve-lc-sorbentleri","8":"product_cat-kromatografi","10":"first","11":"instock","12":"shipping-taxable","13":"product-type-simple"},"_links":{"self":[{"href":"https:\/\/develop.eam-scientific.com\/tr\/wp-json\/wp\/v2\/product\/13135","targetHints":{"allow":["GET"]}}],"collection":[{"href":"https:\/\/develop.eam-scientific.com\/tr\/wp-json\/wp\/v2\/product"}],"about":[{"href":"https:\/\/develop.eam-scientific.com\/tr\/wp-json\/wp\/v2\/types\/product"}],"replies":[{"embeddable":true,"href":"https:\/\/develop.eam-scientific.com\/tr\/wp-json\/wp\/v2\/comments?post=13135"}],"wp:featuredmedia":[{"embeddable":true,"href":"https:\/\/develop.eam-scientific.com\/tr\/wp-json\/wp\/v2\/media\/15944"}],"wp:attachment":[{"href":"https:\/\/develop.eam-scientific.com\/tr\/wp-json\/wp\/v2\/media?parent=13135"}],"wp:term":[{"taxonomy":"product_cat","embeddable":true,"href":"https:\/\/develop.eam-scientific.com\/tr\/wp-json\/wp\/v2\/product_cat?post=13135"},{"taxonomy":"product_tag","embeddable":true,"href":"https:\/\/develop.eam-scientific.com\/tr\/wp-json\/wp\/v2\/product_tag?post=13135"}],"curies":[{"name":"wp","href":"https:\/\/api.w.org\/{rel}","templated":true}]}}