{"id":13138,"date":"2024-06-20T15:16:15","date_gmt":"2024-06-20T13:16:15","guid":{"rendered":"http:\/\/develop.eam-scientific.com\/produkt\/lc-ambalaj-malzemesi-sorbentler-doekme-diyatomlu-toprak-celite-503\/"},"modified":"2024-06-20T15:16:15","modified_gmt":"2024-06-20T13:16:15","slug":"lc-ambalaj-malzemesi-sorbentler-doekme-diyatomlu-toprak-celite-503","status":"publish","type":"product","link":"https:\/\/develop.eam-scientific.com\/tr\/produkt\/lc-ambalaj-malzemesi-sorbentler-doekme-diyatomlu-toprak-celite-503\/","title":{"rendered":"LC, ambalaj malzemesi (sorbentler, d\u00f6kme), diyatomlu toprak, CELITE 503"},"content":{"rendered":"<p>Do\u011fal olarak olu\u015fan fosil k\u00f6kenli amorf silika, diyatomlu toprak, basilli toprak veya diyatomit olarak da bilinir. Kromatografik uygulamalar i\u00e7in \u00f6zel olarak safla\u015ft\u0131r\u0131lm\u0131\u015ft\u0131r. Diyatomit jel ile kar\u015f\u0131la\u015ft\u0131r\u0131ld\u0131\u011f\u0131nda, diyatomlu toprak k\u00fc\u00e7\u00fck, daha az aktif bir y\u00fczey alan\u0131na sahiptir (b\u00f6lme kromatografisinde kullan\u0131l\u0131r). \u00c7e\u015fitli maddelerle (parafin, silikon ya\u011f\u0131, undekan) emprenye edildikten sonra ters faz kromatografisi i\u00e7in kullan\u0131labilir.<\/p>\n","protected":false},"excerpt":{"rendered":"<p>Do\u011fal olarak olu\u015fan fosil k\u00f6kenli amorf silika, diyatomlu toprak, basilli toprak veya diyatomit olarak da bilinir. Kromatografik uygulamalar i\u00e7in \u00f6zel olarak safla\u015ft\u0131r\u0131lm\u0131\u015ft\u0131r. Diyatomit jel ile kar\u015f\u0131la\u015ft\u0131r\u0131ld\u0131\u011f\u0131nda, diyatomlu toprak k\u00fc\u00e7\u00fck, daha az aktif bir y\u00fczey alan\u0131na sahiptir (b\u00f6lme kromatografisinde kullan\u0131l\u0131r). \u00c7e\u015fitli maddelerle (parafin, silikon ya\u011f\u0131, undekan) emprenye edildikten sonra ters faz kromatografisi i\u00e7in kullan\u0131labilir.<\/p>\n","protected":false},"featured_media":16016,"comment_status":"open","ping_status":"closed","template":"","meta":[],"product_cat":[106,125,67],"product_tag":[],"class_list":{"0":"post-13138","1":"product","2":"type-product","3":"status-publish","4":"has-post-thumbnail","6":"product_cat-flas-kromatografi-lc-sorbentleri","7":"product_cat-flas-ve-lc-sorbentleri","8":"product_cat-kromatografi","10":"first","11":"instock","12":"shipping-taxable","13":"product-type-simple"},"_links":{"self":[{"href":"https:\/\/develop.eam-scientific.com\/tr\/wp-json\/wp\/v2\/product\/13138","targetHints":{"allow":["GET"]}}],"collection":[{"href":"https:\/\/develop.eam-scientific.com\/tr\/wp-json\/wp\/v2\/product"}],"about":[{"href":"https:\/\/develop.eam-scientific.com\/tr\/wp-json\/wp\/v2\/types\/product"}],"replies":[{"embeddable":true,"href":"https:\/\/develop.eam-scientific.com\/tr\/wp-json\/wp\/v2\/comments?post=13138"}],"wp:featuredmedia":[{"embeddable":true,"href":"https:\/\/develop.eam-scientific.com\/tr\/wp-json\/wp\/v2\/media\/16016"}],"wp:attachment":[{"href":"https:\/\/develop.eam-scientific.com\/tr\/wp-json\/wp\/v2\/media?parent=13138"}],"wp:term":[{"taxonomy":"product_cat","embeddable":true,"href":"https:\/\/develop.eam-scientific.com\/tr\/wp-json\/wp\/v2\/product_cat?post=13138"},{"taxonomy":"product_tag","embeddable":true,"href":"https:\/\/develop.eam-scientific.com\/tr\/wp-json\/wp\/v2\/product_tag?post=13138"}],"curies":[{"name":"wp","href":"https:\/\/api.w.org\/{rel}","templated":true}]}}