{"id":13142,"date":"2024-06-20T15:16:15","date_gmt":"2024-06-20T13:16:15","guid":{"rendered":"http:\/\/develop.eam-scientific.com\/produkt\/dc-sorbent-doekme-silika-jel-n-baglayici-olmadan\/"},"modified":"2024-07-01T22:44:15","modified_gmt":"2024-07-01T20:44:15","slug":"dc-sorbent-doekme-silika-jel-n-baglayici-olmadan","status":"publish","type":"product","link":"https:\/\/develop.eam-scientific.com\/tr\/produkt\/dc-sorbent-doekme-silika-jel-n-baglayici-olmadan\/","title":{"rendered":"TLC sorbent (d\u00f6kme), silika jel N, ba\u011flay\u0131c\u0131 olmadan"},"content":{"rendered":"<p>\u0130nce tabaka kromatografisi i\u00e7in cam plakalar\u0131n veya filmlerin kendili\u011finden kaplanmas\u0131 i\u00e7in TLC sorbent.<\/p>\n","protected":false},"excerpt":{"rendered":"<p>\u0130nce tabaka kromatografisi i\u00e7in cam plakalar\u0131n veya filmlerin kendili\u011finden kaplanmas\u0131 i\u00e7in TLC sorbent.<\/p>\n","protected":false},"featured_media":16034,"comment_status":"open","ping_status":"closed","template":"","meta":[],"product_cat":[106,125,67],"product_tag":[],"class_list":{"0":"post-13142","1":"product","2":"type-product","3":"status-publish","4":"has-post-thumbnail","6":"product_cat-flas-kromatografi-lc-sorbentleri","7":"product_cat-flas-ve-lc-sorbentleri","8":"product_cat-kromatografi","10":"first","11":"instock","12":"shipping-taxable","13":"product-type-simple"},"_links":{"self":[{"href":"https:\/\/develop.eam-scientific.com\/tr\/wp-json\/wp\/v2\/product\/13142","targetHints":{"allow":["GET"]}}],"collection":[{"href":"https:\/\/develop.eam-scientific.com\/tr\/wp-json\/wp\/v2\/product"}],"about":[{"href":"https:\/\/develop.eam-scientific.com\/tr\/wp-json\/wp\/v2\/types\/product"}],"replies":[{"embeddable":true,"href":"https:\/\/develop.eam-scientific.com\/tr\/wp-json\/wp\/v2\/comments?post=13142"}],"wp:featuredmedia":[{"embeddable":true,"href":"https:\/\/develop.eam-scientific.com\/tr\/wp-json\/wp\/v2\/media\/16034"}],"wp:attachment":[{"href":"https:\/\/develop.eam-scientific.com\/tr\/wp-json\/wp\/v2\/media?parent=13142"}],"wp:term":[{"taxonomy":"product_cat","embeddable":true,"href":"https:\/\/develop.eam-scientific.com\/tr\/wp-json\/wp\/v2\/product_cat?post=13142"},{"taxonomy":"product_tag","embeddable":true,"href":"https:\/\/develop.eam-scientific.com\/tr\/wp-json\/wp\/v2\/product_tag?post=13142"}],"curies":[{"name":"wp","href":"https:\/\/api.w.org\/{rel}","templated":true}]}}