{"id":13152,"date":"2024-06-20T15:16:15","date_gmt":"2024-06-20T13:16:15","guid":{"rendered":"http:\/\/develop.eam-scientific.com\/produkt\/lc-ambalaj-malzemesi-sorbentler-doekme-selueloz-mn-100\/"},"modified":"2024-06-20T15:16:15","modified_gmt":"2024-06-20T13:16:15","slug":"lc-ambalaj-malzemesi-sorbentler-doekme-selueloz-mn-100","status":"publish","type":"product","link":"https:\/\/develop.eam-scientific.com\/tr\/produkt\/lc-ambalaj-malzemesi-sorbentler-doekme-selueloz-mn-100\/","title":{"rendered":"LC, ambalaj malzemesi (sorbentler, d\u00f6kme), sel\u00fcloz MN 100"},"content":{"rendered":"<p>&nbsp;Sel\u00fcloz tozu &#8211; ambalaj malzemesi, kolon kromatografisi i\u00e7in sorbent. Sel\u00fcloz tozu &#8211; ambalaj malzemesi, kolon kromatografisi i\u00e7in sorbent. &nbsp; &lt; &lt; &lt; &lt; &lt; Do\u011fal lifli sel\u00fcloz, standart kalite, ortalama polimerizasyon derecesi 620-680, lif uzunlu\u011fu (%85) 20-100 \u03bcm, Blaine&#8217;e g\u00f6re \u00f6zg\u00fcl y\u00fczey alan\u0131 ~ 6500 cm\u00b2\/g, 850\u00b0C&#8217;de tutu\u015fma kal\u0131nt\u0131s\u0131 10000 ppm, 20 ppm Fe, 5 ppm Cu, 7 ppm P, diklorometan ekstrakt\u0131 %0,20.<\/p>\n","protected":false},"excerpt":{"rendered":"<p>&nbsp;Sel\u00fcloz tozu &#8211; ambalaj malzemesi, kolon kromatografisi i\u00e7in sorbent. Sel\u00fcloz tozu &#8211; ambalaj malzemesi, kolon kromatografisi i\u00e7in sorbent. &nbsp; &lt; &lt; &lt; &lt; &lt; Do\u011fal lifli sel\u00fcloz, standart kalite, ortalama polimerizasyon derecesi 620-680, lif uzunlu\u011fu (%85) 20-100 \u03bcm, Blaine&#8217;e g\u00f6re \u00f6zg\u00fcl y\u00fczey alan\u0131 ~ 6500 cm\u00b2\/g, 850\u00b0C&#8217;de tutu\u015fma kal\u0131nt\u0131s\u0131 10000 ppm, 20 ppm Fe, 5 [&hellip;]<\/p>\n","protected":false},"featured_media":16082,"comment_status":"open","ping_status":"closed","template":"","meta":[],"product_cat":[106,125,67],"product_tag":[],"class_list":{"0":"post-13152","1":"product","2":"type-product","3":"status-publish","4":"has-post-thumbnail","6":"product_cat-flas-kromatografi-lc-sorbentleri","7":"product_cat-flas-ve-lc-sorbentleri","8":"product_cat-kromatografi","10":"first","11":"instock","12":"shipping-taxable","13":"product-type-simple"},"_links":{"self":[{"href":"https:\/\/develop.eam-scientific.com\/tr\/wp-json\/wp\/v2\/product\/13152","targetHints":{"allow":["GET"]}}],"collection":[{"href":"https:\/\/develop.eam-scientific.com\/tr\/wp-json\/wp\/v2\/product"}],"about":[{"href":"https:\/\/develop.eam-scientific.com\/tr\/wp-json\/wp\/v2\/types\/product"}],"replies":[{"embeddable":true,"href":"https:\/\/develop.eam-scientific.com\/tr\/wp-json\/wp\/v2\/comments?post=13152"}],"wp:featuredmedia":[{"embeddable":true,"href":"https:\/\/develop.eam-scientific.com\/tr\/wp-json\/wp\/v2\/media\/16082"}],"wp:attachment":[{"href":"https:\/\/develop.eam-scientific.com\/tr\/wp-json\/wp\/v2\/media?parent=13152"}],"wp:term":[{"taxonomy":"product_cat","embeddable":true,"href":"https:\/\/develop.eam-scientific.com\/tr\/wp-json\/wp\/v2\/product_cat?post=13152"},{"taxonomy":"product_tag","embeddable":true,"href":"https:\/\/develop.eam-scientific.com\/tr\/wp-json\/wp\/v2\/product_tag?post=13152"}],"curies":[{"name":"wp","href":"https:\/\/api.w.org\/{rel}","templated":true}]}}