{"id":13204,"date":"2024-06-20T15:14:47","date_gmt":"2024-06-20T13:14:47","guid":{"rendered":"http:\/\/develop.eam-scientific.com\/produkt\/lc-ambalaj-malzemesi-sorbentler-doekme-silika-jel-polygosil-100-5\/"},"modified":"2024-06-20T15:14:47","modified_gmt":"2024-06-20T13:14:47","slug":"lc-ambalaj-malzemesi-sorbentler-doekme-silika-jel-polygosil-100-5","status":"publish","type":"product","link":"https:\/\/develop.eam-scientific.com\/tr\/produkt\/lc-ambalaj-malzemesi-sorbentler-doekme-silika-jel-polygosil-100-5\/","title":{"rendered":"LC, ambalaj malzemesi (sorbentler, d\u00f6kme), silika jel, POLYGOSIL 100-5"},"content":{"rendered":"<p>S\u0131v\u0131 kromatografisi (LC, HPLC) i\u00e7in k\u0131r\u0131lm\u0131\u015f silika jel faz\u0131, normal faz uygulamalar\u0131 i\u00e7in modifiye edilmemi\u015f silika jel (SiOH).<\/p>\n","protected":false},"excerpt":{"rendered":"<p>S\u0131v\u0131 kromatografisi (LC, HPLC) i\u00e7in k\u0131r\u0131lm\u0131\u015f silika jel faz\u0131, normal faz uygulamalar\u0131 i\u00e7in modifiye edilmemi\u015f silika jel (SiOH).<\/p>\n","protected":false},"featured_media":15905,"comment_status":"open","ping_status":"closed","template":"","meta":[],"product_cat":[106,125,67],"product_tag":[],"class_list":{"0":"post-13204","1":"product","2":"type-product","3":"status-publish","4":"has-post-thumbnail","6":"product_cat-flas-kromatografi-lc-sorbentleri","7":"product_cat-flas-ve-lc-sorbentleri","8":"product_cat-kromatografi","10":"first","11":"instock","12":"shipping-taxable","13":"product-type-simple"},"_links":{"self":[{"href":"https:\/\/develop.eam-scientific.com\/tr\/wp-json\/wp\/v2\/product\/13204","targetHints":{"allow":["GET"]}}],"collection":[{"href":"https:\/\/develop.eam-scientific.com\/tr\/wp-json\/wp\/v2\/product"}],"about":[{"href":"https:\/\/develop.eam-scientific.com\/tr\/wp-json\/wp\/v2\/types\/product"}],"replies":[{"embeddable":true,"href":"https:\/\/develop.eam-scientific.com\/tr\/wp-json\/wp\/v2\/comments?post=13204"}],"wp:featuredmedia":[{"embeddable":true,"href":"https:\/\/develop.eam-scientific.com\/tr\/wp-json\/wp\/v2\/media\/15905"}],"wp:attachment":[{"href":"https:\/\/develop.eam-scientific.com\/tr\/wp-json\/wp\/v2\/media?parent=13204"}],"wp:term":[{"taxonomy":"product_cat","embeddable":true,"href":"https:\/\/develop.eam-scientific.com\/tr\/wp-json\/wp\/v2\/product_cat?post=13204"},{"taxonomy":"product_tag","embeddable":true,"href":"https:\/\/develop.eam-scientific.com\/tr\/wp-json\/wp\/v2\/product_tag?post=13204"}],"curies":[{"name":"wp","href":"https:\/\/api.w.org\/{rel}","templated":true}]}}