{"id":13295,"date":"2024-06-20T15:12:56","date_gmt":"2024-06-20T13:12:56","guid":{"rendered":"http:\/\/develop.eam-scientific.com\/produkt\/lc-ambalaj-malzemesi-sorbentler-doekme-silika-jel-60-0025-004-mm\/"},"modified":"2024-06-20T15:12:56","modified_gmt":"2024-06-20T13:12:56","slug":"lc-ambalaj-malzemesi-sorbentler-doekme-silika-jel-60-0025-004-mm","status":"publish","type":"product","link":"https:\/\/develop.eam-scientific.com\/tr\/produkt\/lc-ambalaj-malzemesi-sorbentler-doekme-silika-jel-60-0025-004-mm\/","title":{"rendered":"LC, ambalaj malzemesi (sorbentler, d\u00f6kme), silika jel 60, 0,025-0,04 mm"},"content":{"rendered":"<p>Standart silika jel 60, su cam\u0131n\u0131n s\u00fclf\u00fcrik asit ile \u00e7\u00f6keltilmesiyle \u00fcretilen, sert, opalesan taneler \u015feklinde, olduk\u00e7a g\u00f6zenekli, amorf silika. K\u0131r\u0131k par\u00e7ac\u0131klar.<\/p>\n","protected":false},"excerpt":{"rendered":"<p>Standart silika jel 60, su cam\u0131n\u0131n s\u00fclf\u00fcrik asit ile \u00e7\u00f6keltilmesiyle \u00fcretilen, sert, opalesan taneler \u015feklinde, olduk\u00e7a g\u00f6zenekli, amorf silika. K\u0131r\u0131k par\u00e7ac\u0131klar.<\/p>\n","protected":false},"featured_media":16058,"comment_status":"open","ping_status":"closed","template":"","meta":[],"product_cat":[106,125,67],"product_tag":[],"class_list":{"0":"post-13295","1":"product","2":"type-product","3":"status-publish","4":"has-post-thumbnail","6":"product_cat-flas-kromatografi-lc-sorbentleri","7":"product_cat-flas-ve-lc-sorbentleri","8":"product_cat-kromatografi","10":"first","11":"instock","12":"shipping-taxable","13":"product-type-simple"},"_links":{"self":[{"href":"https:\/\/develop.eam-scientific.com\/tr\/wp-json\/wp\/v2\/product\/13295","targetHints":{"allow":["GET"]}}],"collection":[{"href":"https:\/\/develop.eam-scientific.com\/tr\/wp-json\/wp\/v2\/product"}],"about":[{"href":"https:\/\/develop.eam-scientific.com\/tr\/wp-json\/wp\/v2\/types\/product"}],"replies":[{"embeddable":true,"href":"https:\/\/develop.eam-scientific.com\/tr\/wp-json\/wp\/v2\/comments?post=13295"}],"wp:featuredmedia":[{"embeddable":true,"href":"https:\/\/develop.eam-scientific.com\/tr\/wp-json\/wp\/v2\/media\/16058"}],"wp:attachment":[{"href":"https:\/\/develop.eam-scientific.com\/tr\/wp-json\/wp\/v2\/media?parent=13295"}],"wp:term":[{"taxonomy":"product_cat","embeddable":true,"href":"https:\/\/develop.eam-scientific.com\/tr\/wp-json\/wp\/v2\/product_cat?post=13295"},{"taxonomy":"product_tag","embeddable":true,"href":"https:\/\/develop.eam-scientific.com\/tr\/wp-json\/wp\/v2\/product_tag?post=13295"}],"curies":[{"name":"wp","href":"https:\/\/api.w.org\/{rel}","templated":true}]}}