{"id":13346,"date":"2024-06-20T15:12:12","date_gmt":"2024-06-20T13:12:12","guid":{"rendered":"http:\/\/develop.eam-scientific.com\/produkt\/chromabond-flash-dl-330-bos-kartuslar-600-ml-270-cm-l-600-mm-id\/"},"modified":"2024-06-28T10:25:44","modified_gmt":"2024-06-28T08:25:44","slug":"chromabond-flash-dl-330-bos-kartuslar-600-ml-270-cm-l-600-mm-id","status":"publish","type":"product","link":"https:\/\/develop.eam-scientific.com\/tr\/produkt\/chromabond-flash-dl-330-bos-kartuslar-600-ml-270-cm-l-600-mm-id\/","title":{"rendered":"CHROMABOND Flash DL 330 i\u00e7in uygun filtre elemanlar\u0131"},"content":{"rendered":"<p>CHROMABOND Flash DL kartu\u015flar\u0131 i\u00e7in polietilenden (PE) yap\u0131lm\u0131\u015f filtre elemanlar\u0131.<\/p>\n","protected":false},"excerpt":{"rendered":"<p>CHROMABOND Flash DL kartu\u015flar\u0131 i\u00e7in polietilenden (PE) yap\u0131lm\u0131\u015f filtre elemanlar\u0131.<\/p>\n","protected":false},"featured_media":16133,"comment_status":"open","ping_status":"closed","template":"","meta":[],"product_cat":[119,106,67],"product_tag":[],"class_list":{"0":"post-13346","1":"product","2":"type-product","3":"status-publish","4":"has-post-thumbnail","6":"product_cat-flas-aksesuarlari","7":"product_cat-flas-kromatografi-lc-sorbentleri","8":"product_cat-kromatografi","10":"first","11":"instock","12":"shipping-taxable","13":"product-type-simple"},"_links":{"self":[{"href":"https:\/\/develop.eam-scientific.com\/tr\/wp-json\/wp\/v2\/product\/13346","targetHints":{"allow":["GET"]}}],"collection":[{"href":"https:\/\/develop.eam-scientific.com\/tr\/wp-json\/wp\/v2\/product"}],"about":[{"href":"https:\/\/develop.eam-scientific.com\/tr\/wp-json\/wp\/v2\/types\/product"}],"replies":[{"embeddable":true,"href":"https:\/\/develop.eam-scientific.com\/tr\/wp-json\/wp\/v2\/comments?post=13346"}],"wp:featuredmedia":[{"embeddable":true,"href":"https:\/\/develop.eam-scientific.com\/tr\/wp-json\/wp\/v2\/media\/16133"}],"wp:attachment":[{"href":"https:\/\/develop.eam-scientific.com\/tr\/wp-json\/wp\/v2\/media?parent=13346"}],"wp:term":[{"taxonomy":"product_cat","embeddable":true,"href":"https:\/\/develop.eam-scientific.com\/tr\/wp-json\/wp\/v2\/product_cat?post=13346"},{"taxonomy":"product_tag","embeddable":true,"href":"https:\/\/develop.eam-scientific.com\/tr\/wp-json\/wp\/v2\/product_tag?post=13346"}],"curies":[{"name":"wp","href":"https:\/\/api.w.org\/{rel}","templated":true}]}}