{"id":13349,"date":"2024-06-20T15:12:12","date_gmt":"2024-06-20T13:12:12","guid":{"rendered":"http:\/\/develop.eam-scientific.com\/produkt\/chromabond-flash-rs-40-sioh-kartuslari-15-40-%c2%b5m-40-g\/"},"modified":"2024-06-20T15:12:12","modified_gmt":"2024-06-20T13:12:12","slug":"chromabond-flash-rs-40-sioh-kartuslari-15-40-%c2%b5m-40-g","status":"publish","type":"product","link":"https:\/\/develop.eam-scientific.com\/tr\/produkt\/chromabond-flash-rs-40-sioh-kartuslari-15-40-%c2%b5m-40-g\/","title":{"rendered":"CHROMABOND Flash RS 40 SiOH kartu\u015flar\u0131, 15-40 \u00b5m, 40 g"},"content":{"rendered":"<p>CHROMABOND Flash RS SiOH, end\u00fcstride h\u0131zl\u0131 ve ekonomik kromatografik safla\u015ft\u0131rmalarla bilinir. Kullan\u0131ma haz\u0131r fla\u015f kolonlar (kartu\u015flar) y\u00fcksek safl\u0131kta silika jel (asitle y\u0131kanm\u0131\u015f) ile doldurulmu\u015ftur.<\/p>\n","protected":false},"excerpt":{"rendered":"<p>CHROMABOND Flash RS SiOH, end\u00fcstride h\u0131zl\u0131 ve ekonomik kromatografik safla\u015ft\u0131rmalarla bilinir. Kullan\u0131ma haz\u0131r fla\u015f kolonlar (kartu\u015flar) y\u00fcksek safl\u0131kta silika jel (asitle y\u0131kanm\u0131\u015f) ile doldurulmu\u015ftur.<\/p>\n","protected":false},"featured_media":9488,"comment_status":"open","ping_status":"closed","template":"","meta":[],"product_cat":[108,106,67],"product_tag":[],"class_list":{"0":"post-13349","1":"product","2":"type-product","3":"status-publish","4":"has-post-thumbnail","6":"product_cat-flas-kartuslari","7":"product_cat-flas-kromatografi-lc-sorbentleri","8":"product_cat-kromatografi","10":"first","11":"instock","12":"shipping-taxable","13":"product-type-simple"},"_links":{"self":[{"href":"https:\/\/develop.eam-scientific.com\/tr\/wp-json\/wp\/v2\/product\/13349","targetHints":{"allow":["GET"]}}],"collection":[{"href":"https:\/\/develop.eam-scientific.com\/tr\/wp-json\/wp\/v2\/product"}],"about":[{"href":"https:\/\/develop.eam-scientific.com\/tr\/wp-json\/wp\/v2\/types\/product"}],"replies":[{"embeddable":true,"href":"https:\/\/develop.eam-scientific.com\/tr\/wp-json\/wp\/v2\/comments?post=13349"}],"wp:featuredmedia":[{"embeddable":true,"href":"https:\/\/develop.eam-scientific.com\/tr\/wp-json\/wp\/v2\/media\/9488"}],"wp:attachment":[{"href":"https:\/\/develop.eam-scientific.com\/tr\/wp-json\/wp\/v2\/media?parent=13349"}],"wp:term":[{"taxonomy":"product_cat","embeddable":true,"href":"https:\/\/develop.eam-scientific.com\/tr\/wp-json\/wp\/v2\/product_cat?post=13349"},{"taxonomy":"product_tag","embeddable":true,"href":"https:\/\/develop.eam-scientific.com\/tr\/wp-json\/wp\/v2\/product_tag?post=13349"}],"curies":[{"name":"wp","href":"https:\/\/api.w.org\/{rel}","templated":true}]}}