{"id":13371,"date":"2024-06-20T15:20:22","date_gmt":"2024-06-20T13:20:22","guid":{"rendered":"http:\/\/develop.eam-scientific.com\/produkt\/ec-hplc-kolonu-analitik-nucleodur-100-3-c8-ec-3-%c2%b5m-250x2-mm\/"},"modified":"2024-06-20T15:20:22","modified_gmt":"2024-06-20T13:20:22","slug":"ec-hplc-kolonu-analitik-nucleodur-100-3-c8-ec-3-%c2%b5m-250x2-mm","status":"publish","type":"product","link":"https:\/\/develop.eam-scientific.com\/tr\/produkt\/ec-hplc-kolonu-analitik-nucleodur-100-3-c8-ec-3-%c2%b5m-250x2-mm\/","title":{"rendered":"EC HPLC kolonu (analitik), NUCLEODUR 100-3 C8 ec, 3 \u00b5m, 250&#215;2 mm"},"content":{"rendered":"<p>G\u00fcnl\u00fck rutin analizler ve preparatif HPLC&#8217;ye y\u00fckseltme i\u00e7in standart RP faz\u0131. Oktil modifikasyonu y\u00fcksek safl\u0131kta silika jel NUCLEODUR&#8217;a dayanmaktad\u0131r. C8, C18&#8217;e (oktadesilsilan, ODS) k\u0131yasla hidrofobik bile\u015fikleri daha az tutar.<\/p>\n","protected":false},"excerpt":{"rendered":"<p>G\u00fcnl\u00fck rutin analizler ve preparatif HPLC&#8217;ye y\u00fckseltme i\u00e7in standart RP faz\u0131. Oktil modifikasyonu y\u00fcksek safl\u0131kta silika jel NUCLEODUR&#8217;a dayanmaktad\u0131r. C8, C18&#8217;e (oktadesilsilan, ODS) k\u0131yasla hidrofobik bile\u015fikleri daha az tutar.<\/p>\n","protected":false},"featured_media":17750,"comment_status":"open","ping_status":"closed","template":"","meta":[],"product_cat":[121,122,67],"product_tag":[],"class_list":{"0":"post-13371","1":"product","2":"type-product","3":"status-publish","4":"has-post-thumbnail","6":"product_cat-hplc-ve-uhplc","7":"product_cat-hplc-ve-uhplc-kolonlari","8":"product_cat-kromatografi","10":"first","11":"instock","12":"shipping-taxable","13":"product-type-simple"},"_links":{"self":[{"href":"https:\/\/develop.eam-scientific.com\/tr\/wp-json\/wp\/v2\/product\/13371","targetHints":{"allow":["GET"]}}],"collection":[{"href":"https:\/\/develop.eam-scientific.com\/tr\/wp-json\/wp\/v2\/product"}],"about":[{"href":"https:\/\/develop.eam-scientific.com\/tr\/wp-json\/wp\/v2\/types\/product"}],"replies":[{"embeddable":true,"href":"https:\/\/develop.eam-scientific.com\/tr\/wp-json\/wp\/v2\/comments?post=13371"}],"wp:featuredmedia":[{"embeddable":true,"href":"https:\/\/develop.eam-scientific.com\/tr\/wp-json\/wp\/v2\/media\/17750"}],"wp:attachment":[{"href":"https:\/\/develop.eam-scientific.com\/tr\/wp-json\/wp\/v2\/media?parent=13371"}],"wp:term":[{"taxonomy":"product_cat","embeddable":true,"href":"https:\/\/develop.eam-scientific.com\/tr\/wp-json\/wp\/v2\/product_cat?post=13371"},{"taxonomy":"product_tag","embeddable":true,"href":"https:\/\/develop.eam-scientific.com\/tr\/wp-json\/wp\/v2\/product_tag?post=13371"}],"curies":[{"name":"wp","href":"https:\/\/api.w.org\/{rel}","templated":true}]}}