{"id":13456,"date":"2024-06-20T15:19:51","date_gmt":"2024-06-20T13:19:51","guid":{"rendered":"http:\/\/develop.eam-scientific.com\/produkt\/ec-hplc-kolonu-analitik-nucleodur-c18-htec-5-%c2%b5m-100x2-mm\/"},"modified":"2024-06-28T10:25:56","modified_gmt":"2024-06-28T08:25:56","slug":"ec-hplc-kolonu-analitik-nucleodur-c18-htec-5-%c2%b5m-100x2-mm","status":"publish","type":"product","link":"https:\/\/develop.eam-scientific.com\/tr\/produkt\/ec-hplc-kolonu-analitik-nucleodur-c18-htec-5-%c2%b5m-100x2-mm\/","title":{"rendered":"EC HPLC kolonu (analitik), NUCLEODUR C18 HTec, 5 \u00b5m, 100&#215;4,6 mm"},"content":{"rendered":"<p>Y\u00fcksek y\u00fckleme kapasiteleri ve m\u00fckemmel stabilite gibi di\u011fer \u00f6zellikleri nedeniyle, y\u00fcksek safl\u0131kta NUCLEODUR C18 HTec silika jele sahip bu HPLC kolonlar\u0131, preparatif \u00f6l\u00e7e\u011fe y\u00fckseltme i\u00e7in ilk tercihtir.<\/p>\n","protected":false},"excerpt":{"rendered":"<p>Y\u00fcksek y\u00fckleme kapasiteleri ve m\u00fckemmel stabilite gibi di\u011fer \u00f6zellikleri nedeniyle, y\u00fcksek safl\u0131kta NUCLEODUR C18 HTec silika jele sahip bu HPLC kolonlar\u0131, preparatif \u00f6l\u00e7e\u011fe y\u00fckseltme i\u00e7in ilk tercihtir.<\/p>\n","protected":false},"featured_media":16595,"comment_status":"open","ping_status":"closed","template":"","meta":[],"product_cat":[121,122,67],"product_tag":[],"class_list":{"0":"post-13456","1":"product","2":"type-product","3":"status-publish","4":"has-post-thumbnail","6":"product_cat-hplc-ve-uhplc","7":"product_cat-hplc-ve-uhplc-kolonlari","8":"product_cat-kromatografi","10":"first","11":"instock","12":"shipping-taxable","13":"product-type-simple"},"_links":{"self":[{"href":"https:\/\/develop.eam-scientific.com\/tr\/wp-json\/wp\/v2\/product\/13456","targetHints":{"allow":["GET"]}}],"collection":[{"href":"https:\/\/develop.eam-scientific.com\/tr\/wp-json\/wp\/v2\/product"}],"about":[{"href":"https:\/\/develop.eam-scientific.com\/tr\/wp-json\/wp\/v2\/types\/product"}],"replies":[{"embeddable":true,"href":"https:\/\/develop.eam-scientific.com\/tr\/wp-json\/wp\/v2\/comments?post=13456"}],"wp:featuredmedia":[{"embeddable":true,"href":"https:\/\/develop.eam-scientific.com\/tr\/wp-json\/wp\/v2\/media\/16595"}],"wp:attachment":[{"href":"https:\/\/develop.eam-scientific.com\/tr\/wp-json\/wp\/v2\/media?parent=13456"}],"wp:term":[{"taxonomy":"product_cat","embeddable":true,"href":"https:\/\/develop.eam-scientific.com\/tr\/wp-json\/wp\/v2\/product_cat?post=13456"},{"taxonomy":"product_tag","embeddable":true,"href":"https:\/\/develop.eam-scientific.com\/tr\/wp-json\/wp\/v2\/product_tag?post=13456"}],"curies":[{"name":"wp","href":"https:\/\/api.w.org\/{rel}","templated":true}]}}