{"id":13547,"date":"2024-06-20T15:19:12","date_gmt":"2024-06-20T13:19:12","guid":{"rendered":"http:\/\/develop.eam-scientific.com\/produkt\/va-hplc-oen-kolonu-analitik-nucleogel-rp-8-%c2%b5m-5x3-mm\/"},"modified":"2024-06-20T15:19:12","modified_gmt":"2024-06-20T13:19:12","slug":"va-hplc-oen-kolonu-analitik-nucleogel-rp-8-%c2%b5m-5x3-mm","status":"publish","type":"product","link":"https:\/\/develop.eam-scientific.com\/tr\/produkt\/va-hplc-oen-kolonu-analitik-nucleogel-rp-8-%c2%b5m-5x3-mm\/","title":{"rendered":"VA HPLC \u00f6n kolonu (analitik), NUCLEOGEL RP, 8 \u00b5m, 5&#215;3 mm"},"content":{"rendered":"<p>Biyokimyasal uygulamalar i\u00e7in polimer bazl\u0131 ters faz HPLC faz\u0131.<\/p>\n","protected":false},"excerpt":{"rendered":"<p>Biyokimyasal uygulamalar i\u00e7in polimer bazl\u0131 ters faz HPLC faz\u0131.<\/p>\n","protected":false},"featured_media":9880,"comment_status":"open","ping_status":"closed","template":"","meta":[],"product_cat":[121,122,67],"product_tag":[],"class_list":{"0":"post-13547","1":"product","2":"type-product","3":"status-publish","4":"has-post-thumbnail","6":"product_cat-hplc-ve-uhplc","7":"product_cat-hplc-ve-uhplc-kolonlari","8":"product_cat-kromatografi","10":"first","11":"instock","12":"shipping-taxable","13":"product-type-simple"},"_links":{"self":[{"href":"https:\/\/develop.eam-scientific.com\/tr\/wp-json\/wp\/v2\/product\/13547","targetHints":{"allow":["GET"]}}],"collection":[{"href":"https:\/\/develop.eam-scientific.com\/tr\/wp-json\/wp\/v2\/product"}],"about":[{"href":"https:\/\/develop.eam-scientific.com\/tr\/wp-json\/wp\/v2\/types\/product"}],"replies":[{"embeddable":true,"href":"https:\/\/develop.eam-scientific.com\/tr\/wp-json\/wp\/v2\/comments?post=13547"}],"wp:featuredmedia":[{"embeddable":true,"href":"https:\/\/develop.eam-scientific.com\/tr\/wp-json\/wp\/v2\/media\/9880"}],"wp:attachment":[{"href":"https:\/\/develop.eam-scientific.com\/tr\/wp-json\/wp\/v2\/media?parent=13547"}],"wp:term":[{"taxonomy":"product_cat","embeddable":true,"href":"https:\/\/develop.eam-scientific.com\/tr\/wp-json\/wp\/v2\/product_cat?post=13547"},{"taxonomy":"product_tag","embeddable":true,"href":"https:\/\/develop.eam-scientific.com\/tr\/wp-json\/wp\/v2\/product_tag?post=13547"}],"curies":[{"name":"wp","href":"https:\/\/api.w.org\/{rel}","templated":true}]}}