{"id":13598,"date":"2024-06-20T15:18:52","date_gmt":"2024-06-20T13:18:52","guid":{"rendered":"http:\/\/develop.eam-scientific.com\/produkt\/va-hplc-oen-kolonu-analitik-nucleogel-ion-300-oa-10-%c2%b5m-21x4-mm\/"},"modified":"2024-06-20T15:18:52","modified_gmt":"2024-06-20T13:18:52","slug":"va-hplc-oen-kolonu-analitik-nucleogel-ion-300-oa-10-%c2%b5m-21x4-mm","status":"publish","type":"product","link":"https:\/\/develop.eam-scientific.com\/tr\/produkt\/va-hplc-oen-kolonu-analitik-nucleogel-ion-300-oa-10-%c2%b5m-21x4-mm\/","title":{"rendered":"VA HPLC \u00f6n kolonu (analitik), NUCLEOGEL ION 300 OA, 10 \u00b5m, 21&#215;4 mm"},"content":{"rendered":"<p>\u015eekerlerin ayr\u0131lmas\u0131 i\u00e7in polimer bazl\u0131 HPLC faz\u0131. H-iyonu formunda s\u00fclfonlanm\u0131\u015f k\u00fcresel PS\/DVB re\u00e7ineleri.<\/p>\n","protected":false},"excerpt":{"rendered":"<p>\u015eekerlerin ayr\u0131lmas\u0131 i\u00e7in polimer bazl\u0131 HPLC faz\u0131. H-iyonu formunda s\u00fclfonlanm\u0131\u015f k\u00fcresel PS\/DVB re\u00e7ineleri.<\/p>\n","protected":false},"featured_media":9834,"comment_status":"open","ping_status":"closed","template":"","meta":[],"product_cat":[121,122,67],"product_tag":[],"class_list":{"0":"post-13598","1":"product","2":"type-product","3":"status-publish","4":"has-post-thumbnail","6":"product_cat-hplc-ve-uhplc","7":"product_cat-hplc-ve-uhplc-kolonlari","8":"product_cat-kromatografi","10":"first","11":"instock","12":"shipping-taxable","13":"product-type-simple"},"_links":{"self":[{"href":"https:\/\/develop.eam-scientific.com\/tr\/wp-json\/wp\/v2\/product\/13598","targetHints":{"allow":["GET"]}}],"collection":[{"href":"https:\/\/develop.eam-scientific.com\/tr\/wp-json\/wp\/v2\/product"}],"about":[{"href":"https:\/\/develop.eam-scientific.com\/tr\/wp-json\/wp\/v2\/types\/product"}],"replies":[{"embeddable":true,"href":"https:\/\/develop.eam-scientific.com\/tr\/wp-json\/wp\/v2\/comments?post=13598"}],"wp:featuredmedia":[{"embeddable":true,"href":"https:\/\/develop.eam-scientific.com\/tr\/wp-json\/wp\/v2\/media\/9834"}],"wp:attachment":[{"href":"https:\/\/develop.eam-scientific.com\/tr\/wp-json\/wp\/v2\/media?parent=13598"}],"wp:term":[{"taxonomy":"product_cat","embeddable":true,"href":"https:\/\/develop.eam-scientific.com\/tr\/wp-json\/wp\/v2\/product_cat?post=13598"},{"taxonomy":"product_tag","embeddable":true,"href":"https:\/\/develop.eam-scientific.com\/tr\/wp-json\/wp\/v2\/product_tag?post=13598"}],"curies":[{"name":"wp","href":"https:\/\/api.w.org\/{rel}","templated":true}]}}