{"id":13601,"date":"2024-06-20T15:18:52","date_gmt":"2024-06-20T13:18:52","guid":{"rendered":"http:\/\/develop.eam-scientific.com\/produkt\/ec-hplc-kolonu-analitik-nucleodur-c18-pah-3-%c2%b5m-250x3-mm\/"},"modified":"2024-06-20T15:18:52","modified_gmt":"2024-06-20T13:18:52","slug":"ec-hplc-kolonu-analitik-nucleodur-c18-pah-3-%c2%b5m-250x3-mm","status":"publish","type":"product","link":"https:\/\/develop.eam-scientific.com\/tr\/produkt\/ec-hplc-kolonu-analitik-nucleodur-c18-pah-3-%c2%b5m-250x3-mm\/","title":{"rendered":"EC HPLC kolonu (analitik), NUCLEODUR C18 PAH, 3 \u00b5m, 250&#215;3 mm"},"content":{"rendered":"<p>PAH&#8217;lar\u0131n HPLC analizi i\u00e7in \u00f6zel y\u00fcksek safl\u0131kta oktadesil modifiye silika jel faz\u0131. NUCLEODUR silika jel esasl\u0131d\u0131r.  <\/p>\n","protected":false},"excerpt":{"rendered":"<p>PAH&#8217;lar\u0131n HPLC analizi i\u00e7in \u00f6zel y\u00fcksek safl\u0131kta oktadesil modifiye silika jel faz\u0131. NUCLEODUR silika jel esasl\u0131d\u0131r.<\/p>\n","protected":false},"featured_media":17639,"comment_status":"open","ping_status":"closed","template":"","meta":[],"product_cat":[121,122,67],"product_tag":[],"class_list":{"0":"post-13601","1":"product","2":"type-product","3":"status-publish","4":"has-post-thumbnail","6":"product_cat-hplc-ve-uhplc","7":"product_cat-hplc-ve-uhplc-kolonlari","8":"product_cat-kromatografi","10":"first","11":"instock","12":"shipping-taxable","13":"product-type-simple"},"_links":{"self":[{"href":"https:\/\/develop.eam-scientific.com\/tr\/wp-json\/wp\/v2\/product\/13601","targetHints":{"allow":["GET"]}}],"collection":[{"href":"https:\/\/develop.eam-scientific.com\/tr\/wp-json\/wp\/v2\/product"}],"about":[{"href":"https:\/\/develop.eam-scientific.com\/tr\/wp-json\/wp\/v2\/types\/product"}],"replies":[{"embeddable":true,"href":"https:\/\/develop.eam-scientific.com\/tr\/wp-json\/wp\/v2\/comments?post=13601"}],"wp:featuredmedia":[{"embeddable":true,"href":"https:\/\/develop.eam-scientific.com\/tr\/wp-json\/wp\/v2\/media\/17639"}],"wp:attachment":[{"href":"https:\/\/develop.eam-scientific.com\/tr\/wp-json\/wp\/v2\/media?parent=13601"}],"wp:term":[{"taxonomy":"product_cat","embeddable":true,"href":"https:\/\/develop.eam-scientific.com\/tr\/wp-json\/wp\/v2\/product_cat?post=13601"},{"taxonomy":"product_tag","embeddable":true,"href":"https:\/\/develop.eam-scientific.com\/tr\/wp-json\/wp\/v2\/product_tag?post=13601"}],"curies":[{"name":"wp","href":"https:\/\/api.w.org\/{rel}","templated":true}]}}