{"id":13659,"date":"2024-06-20T15:21:14","date_gmt":"2024-06-20T13:21:14","guid":{"rendered":"http:\/\/develop.eam-scientific.com\/produkt\/ec-hplc-kolonu-analitik-nucleoshell-pfp-27-%c2%b5m-100x2-mm\/"},"modified":"2024-06-20T15:21:14","modified_gmt":"2024-06-20T13:21:14","slug":"ec-hplc-kolonu-analitik-nucleoshell-pfp-27-%c2%b5m-100x2-mm","status":"publish","type":"product","link":"https:\/\/develop.eam-scientific.com\/tr\/produkt\/ec-hplc-kolonu-analitik-nucleoshell-pfp-27-%c2%b5m-100x2-mm\/","title":{"rendered":"EC HPLC kolonu (analitik), NUCLEOSHELL PFP, 2,7 \u00b5m, 100&#215;2 mm"},"content":{"rendered":"<p>Pentaflorofenil-propil modifikasyonlu bu hidrofobik faz, \u00e7ekirdek-kabuk teknolojisinin silika jel partik\u00fcllerine dayan\u0131r ve klasik C18 modifikasyonuna k\u0131yasla alternatif bir se\u00e7icilik sunar. Ay\u0131rma prensibi d\u00f6rt tutma mekanizmas\u0131na dayan\u0131r &#8211; polar etkile\u015fimler (H-ba\u011flar\u0131), dipol-dipol, \u03c0-\u03c0 ve hidrofobik etkile\u015fimler. D\u00fc\u015f\u00fck ta\u015fma nedeniyle LC\/MS i\u00e7in uygundur.  <\/p>\n","protected":false},"excerpt":{"rendered":"<p>Pentaflorofenil-propil modifikasyonlu bu hidrofobik faz, \u00e7ekirdek-kabuk teknolojisinin silika jel partik\u00fcllerine dayan\u0131r ve klasik C18 modifikasyonuna k\u0131yasla alternatif bir se\u00e7icilik sunar. Ay\u0131rma prensibi d\u00f6rt tutma mekanizmas\u0131na dayan\u0131r &#8211; polar etkile\u015fimler (H-ba\u011flar\u0131), dipol-dipol, \u03c0-\u03c0 ve hidrofobik etkile\u015fimler. D\u00fc\u015f\u00fck ta\u015fma nedeniyle LC\/MS i\u00e7in uygundur.<\/p>\n","protected":false},"featured_media":17819,"comment_status":"open","ping_status":"closed","template":"","meta":[],"product_cat":[121,122,67],"product_tag":[],"class_list":{"0":"post-13659","1":"product","2":"type-product","3":"status-publish","4":"has-post-thumbnail","6":"product_cat-hplc-ve-uhplc","7":"product_cat-hplc-ve-uhplc-kolonlari","8":"product_cat-kromatografi","10":"first","11":"instock","12":"shipping-taxable","13":"product-type-simple"},"_links":{"self":[{"href":"https:\/\/develop.eam-scientific.com\/tr\/wp-json\/wp\/v2\/product\/13659","targetHints":{"allow":["GET"]}}],"collection":[{"href":"https:\/\/develop.eam-scientific.com\/tr\/wp-json\/wp\/v2\/product"}],"about":[{"href":"https:\/\/develop.eam-scientific.com\/tr\/wp-json\/wp\/v2\/types\/product"}],"replies":[{"embeddable":true,"href":"https:\/\/develop.eam-scientific.com\/tr\/wp-json\/wp\/v2\/comments?post=13659"}],"wp:featuredmedia":[{"embeddable":true,"href":"https:\/\/develop.eam-scientific.com\/tr\/wp-json\/wp\/v2\/media\/17819"}],"wp:attachment":[{"href":"https:\/\/develop.eam-scientific.com\/tr\/wp-json\/wp\/v2\/media?parent=13659"}],"wp:term":[{"taxonomy":"product_cat","embeddable":true,"href":"https:\/\/develop.eam-scientific.com\/tr\/wp-json\/wp\/v2\/product_cat?post=13659"},{"taxonomy":"product_tag","embeddable":true,"href":"https:\/\/develop.eam-scientific.com\/tr\/wp-json\/wp\/v2\/product_tag?post=13659"}],"curies":[{"name":"wp","href":"https:\/\/api.w.org\/{rel}","templated":true}]}}