{"id":13676,"date":"2024-06-20T15:21:14","date_gmt":"2024-06-20T13:21:14","guid":{"rendered":"http:\/\/develop.eam-scientific.com\/produkt\/ec-hplc-kolonu-analitik-nucleoshell-bluebird-rp-18-27-%c2%b5m-100x4-mm\/"},"modified":"2024-06-20T15:21:14","modified_gmt":"2024-06-20T13:21:14","slug":"ec-hplc-kolonu-analitik-nucleoshell-bluebird-rp-18-27-%c2%b5m-100x4-mm","status":"publish","type":"product","link":"https:\/\/develop.eam-scientific.com\/tr\/produkt\/ec-hplc-kolonu-analitik-nucleoshell-bluebird-rp-18-27-%c2%b5m-100x4-mm\/","title":{"rendered":"EC HPLC kolonu (analitik), NUCLEOSHELL Bluebird RP 18, 2,7 \u00b5m, 100&#215;4 mm"},"content":{"rendered":"<p>Sabit faz, \u00e7ekirdek-kabuk teknolojisinin silika jel partik\u00fcllerine dayanmaktad\u0131r ve polar u\u00e7 kaplamal\u0131 bir oktadesil modifikasyonu ile modifiye edilmi\u015ftir. Polar u\u00e7 kaplamas\u0131 bu C18 faz\u0131n\u0131 sulu eluentler i\u00e7in uygun hale getirir.<\/p>\n","protected":false},"excerpt":{"rendered":"<p>Sabit faz, \u00e7ekirdek-kabuk teknolojisinin silika jel partik\u00fcllerine dayanmaktad\u0131r ve polar u\u00e7 kaplamal\u0131 bir oktadesil modifikasyonu ile modifiye edilmi\u015ftir. Polar u\u00e7 kaplamas\u0131 bu C18 faz\u0131n\u0131 sulu eluentler i\u00e7in uygun hale getirir.<\/p>\n","protected":false},"featured_media":17813,"comment_status":"open","ping_status":"closed","template":"","meta":[],"product_cat":[121,122,67],"product_tag":[],"class_list":{"0":"post-13676","1":"product","2":"type-product","3":"status-publish","4":"has-post-thumbnail","6":"product_cat-hplc-ve-uhplc","7":"product_cat-hplc-ve-uhplc-kolonlari","8":"product_cat-kromatografi","10":"first","11":"instock","12":"shipping-taxable","13":"product-type-simple"},"_links":{"self":[{"href":"https:\/\/develop.eam-scientific.com\/tr\/wp-json\/wp\/v2\/product\/13676","targetHints":{"allow":["GET"]}}],"collection":[{"href":"https:\/\/develop.eam-scientific.com\/tr\/wp-json\/wp\/v2\/product"}],"about":[{"href":"https:\/\/develop.eam-scientific.com\/tr\/wp-json\/wp\/v2\/types\/product"}],"replies":[{"embeddable":true,"href":"https:\/\/develop.eam-scientific.com\/tr\/wp-json\/wp\/v2\/comments?post=13676"}],"wp:featuredmedia":[{"embeddable":true,"href":"https:\/\/develop.eam-scientific.com\/tr\/wp-json\/wp\/v2\/media\/17813"}],"wp:attachment":[{"href":"https:\/\/develop.eam-scientific.com\/tr\/wp-json\/wp\/v2\/media?parent=13676"}],"wp:term":[{"taxonomy":"product_cat","embeddable":true,"href":"https:\/\/develop.eam-scientific.com\/tr\/wp-json\/wp\/v2\/product_cat?post=13676"},{"taxonomy":"product_tag","embeddable":true,"href":"https:\/\/develop.eam-scientific.com\/tr\/wp-json\/wp\/v2\/product_tag?post=13676"}],"curies":[{"name":"wp","href":"https:\/\/api.w.org\/{rel}","templated":true}]}}