{"id":13685,"date":"2024-06-20T15:21:04","date_gmt":"2024-06-20T13:21:04","guid":{"rendered":"http:\/\/develop.eam-scientific.com\/produkt\/ec-hplc-kolonu-analitik-nucleoshell-hilic-27-%c2%b5m-50x4-mm\/"},"modified":"2024-06-20T15:21:04","modified_gmt":"2024-06-20T13:21:04","slug":"ec-hplc-kolonu-analitik-nucleoshell-hilic-27-%c2%b5m-50x4-mm","status":"publish","type":"product","link":"https:\/\/develop.eam-scientific.com\/tr\/produkt\/ec-hplc-kolonu-analitik-nucleoshell-hilic-27-%c2%b5m-50x4-mm\/","title":{"rendered":"EC HPLC kolonu (analitik), NUCLEOSHELL HILIC, 2,7 \u00b5m, 50&#215;4 mm"},"content":{"rendered":"<p>Kromatografik ay\u0131rma bilimi, modern analiz g\u00f6revlerini yerine getirmek i\u00e7in her zaman yeni ve etkili stratejiler aray\u0131\u015f\u0131ndad\u0131r. En yayg\u0131n analitik y\u00f6ntem olan ters fazl\u0131 HPLC, \u00f6zellikle polar bile\u015fikler i\u00e7in genellikle s\u0131n\u0131rl\u0131d\u0131r. Burada, hidrofilik sabit fazlar HPLC&#8217;de polar analitlerin ayr\u0131\u015ft\u0131r\u0131lmas\u0131 i\u00e7in ek bir ara\u00e7t\u0131r. HILIC, RP ko\u015fullar\u0131 alt\u0131nda polar ve iyonik bile\u015fiklerin NP kromatografisidir. Zwitteriyonik HILIC faz\u0131, y\u00fcksek safl\u0131kta silika jel NUCLEODUR&#8217;a dayanmaktad\u0131r.<\/p>\n","protected":false},"excerpt":{"rendered":"<p>Kromatografik ay\u0131rma bilimi, modern analiz g\u00f6revlerini yerine getirmek i\u00e7in her zaman yeni ve etkili stratejiler aray\u0131\u015f\u0131ndad\u0131r. En yayg\u0131n analitik y\u00f6ntem olan ters fazl\u0131 HPLC, \u00f6zellikle polar bile\u015fikler i\u00e7in genellikle s\u0131n\u0131rl\u0131d\u0131r. Burada, hidrofilik sabit fazlar HPLC&#8217;de polar analitlerin ayr\u0131\u015ft\u0131r\u0131lmas\u0131 i\u00e7in ek bir ara\u00e7t\u0131r. HILIC, RP ko\u015fullar\u0131 alt\u0131nda polar ve iyonik bile\u015fiklerin NP kromatografisidir. Zwitteriyonik HILIC faz\u0131, [&hellip;]<\/p>\n","protected":false},"featured_media":17792,"comment_status":"open","ping_status":"closed","template":"","meta":[],"product_cat":[121,122,67],"product_tag":[],"class_list":{"0":"post-13685","1":"product","2":"type-product","3":"status-publish","4":"has-post-thumbnail","6":"product_cat-hplc-ve-uhplc","7":"product_cat-hplc-ve-uhplc-kolonlari","8":"product_cat-kromatografi","10":"first","11":"instock","12":"shipping-taxable","13":"product-type-simple"},"_links":{"self":[{"href":"https:\/\/develop.eam-scientific.com\/tr\/wp-json\/wp\/v2\/product\/13685","targetHints":{"allow":["GET"]}}],"collection":[{"href":"https:\/\/develop.eam-scientific.com\/tr\/wp-json\/wp\/v2\/product"}],"about":[{"href":"https:\/\/develop.eam-scientific.com\/tr\/wp-json\/wp\/v2\/types\/product"}],"replies":[{"embeddable":true,"href":"https:\/\/develop.eam-scientific.com\/tr\/wp-json\/wp\/v2\/comments?post=13685"}],"wp:featuredmedia":[{"embeddable":true,"href":"https:\/\/develop.eam-scientific.com\/tr\/wp-json\/wp\/v2\/media\/17792"}],"wp:attachment":[{"href":"https:\/\/develop.eam-scientific.com\/tr\/wp-json\/wp\/v2\/media?parent=13685"}],"wp:term":[{"taxonomy":"product_cat","embeddable":true,"href":"https:\/\/develop.eam-scientific.com\/tr\/wp-json\/wp\/v2\/product_cat?post=13685"},{"taxonomy":"product_tag","embeddable":true,"href":"https:\/\/develop.eam-scientific.com\/tr\/wp-json\/wp\/v2\/product_tag?post=13685"}],"curies":[{"name":"wp","href":"https:\/\/api.w.org\/{rel}","templated":true}]}}