{"id":13690,"date":"2024-06-20T15:21:04","date_gmt":"2024-06-20T13:21:04","guid":{"rendered":"http:\/\/develop.eam-scientific.com\/produkt\/ec-hplc-kolonu-analitik-nucleoshell-rp-18plus-5-%c2%b5m-250x2-mm\/"},"modified":"2024-06-20T15:21:04","modified_gmt":"2024-06-20T13:21:04","slug":"ec-hplc-kolonu-analitik-nucleoshell-rp-18plus-5-%c2%b5m-250x2-mm","status":"publish","type":"product","link":"https:\/\/develop.eam-scientific.com\/tr\/produkt\/ec-hplc-kolonu-analitik-nucleoshell-rp-18plus-5-%c2%b5m-250x2-mm\/","title":{"rendered":"EC HPLC kolonu (analitik), NUCLEOSHELL RP 18plus, 5 \u00b5m, 250&#215;2 mm"},"content":{"rendered":"<p>Erken el\u00fce olan maddelerin daha iyi tutulmas\u0131 i\u00e7in belirgin polar se\u00e7icili\u011fe sahip hidrofobik C18 faz\u0131. Bu HPLC faz\u0131, \u00e7ekirdek-kabuk teknolojisine sahip silika jel partik\u00fcllerinden olu\u015fur ve y\u00fcksek sulu ko\u015fullar alt\u0131nda m\u00fckemmel performans g\u00f6sterir. D\u00fc\u015f\u00fck kan seviyesi nedeniyle bu kolonlar LC\/MS i\u00e7in uygundur. Bu sabit faz, \u00f6zellikle polar bile\u015fikler i\u00e7in zorlu analitik ay\u0131rmalarda kullan\u0131l\u0131r.<\/p>\n","protected":false},"excerpt":{"rendered":"<p>Erken el\u00fce olan maddelerin daha iyi tutulmas\u0131 i\u00e7in belirgin polar se\u00e7icili\u011fe sahip hidrofobik C18 faz\u0131. Bu HPLC faz\u0131, \u00e7ekirdek-kabuk teknolojisine sahip silika jel partik\u00fcllerinden olu\u015fur ve y\u00fcksek sulu ko\u015fullar alt\u0131nda m\u00fckemmel performans g\u00f6sterir. D\u00fc\u015f\u00fck kan seviyesi nedeniyle bu kolonlar LC\/MS i\u00e7in uygundur. Bu sabit faz, \u00f6zellikle polar bile\u015fikler i\u00e7in zorlu analitik ay\u0131rmalarda kullan\u0131l\u0131r.<\/p>\n","protected":false},"featured_media":17015,"comment_status":"open","ping_status":"closed","template":"","meta":[],"product_cat":[121,122,67],"product_tag":[],"class_list":{"0":"post-13690","1":"product","2":"type-product","3":"status-publish","4":"has-post-thumbnail","6":"product_cat-hplc-ve-uhplc","7":"product_cat-hplc-ve-uhplc-kolonlari","8":"product_cat-kromatografi","10":"first","11":"instock","12":"shipping-taxable","13":"product-type-simple"},"_links":{"self":[{"href":"https:\/\/develop.eam-scientific.com\/tr\/wp-json\/wp\/v2\/product\/13690","targetHints":{"allow":["GET"]}}],"collection":[{"href":"https:\/\/develop.eam-scientific.com\/tr\/wp-json\/wp\/v2\/product"}],"about":[{"href":"https:\/\/develop.eam-scientific.com\/tr\/wp-json\/wp\/v2\/types\/product"}],"replies":[{"embeddable":true,"href":"https:\/\/develop.eam-scientific.com\/tr\/wp-json\/wp\/v2\/comments?post=13690"}],"wp:featuredmedia":[{"embeddable":true,"href":"https:\/\/develop.eam-scientific.com\/tr\/wp-json\/wp\/v2\/media\/17015"}],"wp:attachment":[{"href":"https:\/\/develop.eam-scientific.com\/tr\/wp-json\/wp\/v2\/media?parent=13690"}],"wp:term":[{"taxonomy":"product_cat","embeddable":true,"href":"https:\/\/develop.eam-scientific.com\/tr\/wp-json\/wp\/v2\/product_cat?post=13690"},{"taxonomy":"product_tag","embeddable":true,"href":"https:\/\/develop.eam-scientific.com\/tr\/wp-json\/wp\/v2\/product_tag?post=13690"}],"curies":[{"name":"wp","href":"https:\/\/api.w.org\/{rel}","templated":true}]}}