{"id":13697,"date":"2024-06-20T15:21:03","date_gmt":"2024-06-20T13:21:03","guid":{"rendered":"http:\/\/develop.eam-scientific.com\/produkt\/ec-hplc-kolonu-analitik-nucleoshell-rp-18-5-%c2%b5m-150x2-mm\/"},"modified":"2024-06-20T15:21:03","modified_gmt":"2024-06-20T13:21:03","slug":"ec-hplc-kolonu-analitik-nucleoshell-rp-18-5-%c2%b5m-150x2-mm","status":"publish","type":"product","link":"https:\/\/develop.eam-scientific.com\/tr\/produkt\/ec-hplc-kolonu-analitik-nucleoshell-rp-18-5-%c2%b5m-150x2-mm\/","title":{"rendered":"EC HPLC kolonu (analitik), NUCLEOSHELL RP 18, 5 \u00b5m, 150&#215;2 mm"},"content":{"rendered":"<p>\u00c7ekirdek-kabuk teknolojisinin silika jel partik\u00fcllerine dayanan bu y\u00fcksek yo\u011funluklu C18 faz\u0131, u\u00e7 kaplamas\u0131yla silika jel y\u00fczeyi ve numune aras\u0131ndaki istenmeyen polar etkile\u015fimleri bast\u0131r\u0131r, bu da onu \u00f6zellikle bazik ve di\u011fer iyonize edilebilir analitlerin ayr\u0131lmas\u0131 i\u00e7in uygun hale getirir. Geli\u015ftirilmi\u015f pH stabilitesi, LC\/MS uygunlu\u011fu ve m\u00fckemmel baz deaktivasyonu (BDS) sayesinde RP uygulamalar\u0131n\u0131 h\u0131zland\u0131rmak i\u00e7in m\u00fckemmel bir se\u00e7imdir.<\/p>\n","protected":false},"excerpt":{"rendered":"<p>\u00c7ekirdek-kabuk teknolojisinin silika jel partik\u00fcllerine dayanan bu y\u00fcksek yo\u011funluklu C18 faz\u0131, u\u00e7 kaplamas\u0131yla silika jel y\u00fczeyi ve numune aras\u0131ndaki istenmeyen polar etkile\u015fimleri bast\u0131r\u0131r, bu da onu \u00f6zellikle bazik ve di\u011fer iyonize edilebilir analitlerin ayr\u0131lmas\u0131 i\u00e7in uygun hale getirir. Geli\u015ftirilmi\u015f pH stabilitesi, LC\/MS uygunlu\u011fu ve m\u00fckemmel baz deaktivasyonu (BDS) sayesinde RP uygulamalar\u0131n\u0131 h\u0131zland\u0131rmak i\u00e7in m\u00fckemmel bir [&hellip;]<\/p>\n","protected":false},"featured_media":16988,"comment_status":"open","ping_status":"closed","template":"","meta":[],"product_cat":[121,122,67],"product_tag":[],"class_list":{"0":"post-13697","1":"product","2":"type-product","3":"status-publish","4":"has-post-thumbnail","6":"product_cat-hplc-ve-uhplc","7":"product_cat-hplc-ve-uhplc-kolonlari","8":"product_cat-kromatografi","10":"first","11":"instock","12":"shipping-taxable","13":"product-type-simple"},"_links":{"self":[{"href":"https:\/\/develop.eam-scientific.com\/tr\/wp-json\/wp\/v2\/product\/13697","targetHints":{"allow":["GET"]}}],"collection":[{"href":"https:\/\/develop.eam-scientific.com\/tr\/wp-json\/wp\/v2\/product"}],"about":[{"href":"https:\/\/develop.eam-scientific.com\/tr\/wp-json\/wp\/v2\/types\/product"}],"replies":[{"embeddable":true,"href":"https:\/\/develop.eam-scientific.com\/tr\/wp-json\/wp\/v2\/comments?post=13697"}],"wp:featuredmedia":[{"embeddable":true,"href":"https:\/\/develop.eam-scientific.com\/tr\/wp-json\/wp\/v2\/media\/16988"}],"wp:attachment":[{"href":"https:\/\/develop.eam-scientific.com\/tr\/wp-json\/wp\/v2\/media?parent=13697"}],"wp:term":[{"taxonomy":"product_cat","embeddable":true,"href":"https:\/\/develop.eam-scientific.com\/tr\/wp-json\/wp\/v2\/product_cat?post=13697"},{"taxonomy":"product_tag","embeddable":true,"href":"https:\/\/develop.eam-scientific.com\/tr\/wp-json\/wp\/v2\/product_tag?post=13697"}],"curies":[{"name":"wp","href":"https:\/\/api.w.org\/{rel}","templated":true}]}}