{"id":13749,"date":"2024-06-20T15:20:40","date_gmt":"2024-06-20T13:20:40","guid":{"rendered":"http:\/\/develop.eam-scientific.com\/produkt\/ec-hplc-kolonu-analitik-nucleodur-100-5-nh2-rp-5-%c2%b5m-125x2-mm\/"},"modified":"2024-06-20T15:20:40","modified_gmt":"2024-06-20T13:20:40","slug":"ec-hplc-kolonu-analitik-nucleodur-100-5-nh2-rp-5-%c2%b5m-125x2-mm","status":"publish","type":"product","link":"https:\/\/develop.eam-scientific.com\/tr\/produkt\/ec-hplc-kolonu-analitik-nucleodur-100-5-nh2-rp-5-%c2%b5m-125x2-mm\/","title":{"rendered":"EC HPLC kolonu (analitik), NUCLEODUR 100-5 NH2-RP, 5 \u00b5m, 125&#215;2 mm"},"content":{"rendered":"<p>Bu HPLC kolonu, y\u00fcksek safl\u0131kta NUCLEODUR silika jel bazl\u0131 polar bir aminopropil modifikasyonu ile paketlenmi\u015ftir. Bu HPLC faz\u0131, tamamen alkil fonksiyonlu y\u00fczey modifikasyonlar\u0131ndan a\u00e7\u0131k\u00e7a fark edilebilir farkl\u0131 bir al\u0131konma davran\u0131\u015f\u0131 \u00fcretebilmektedir. Siyano-modifikasyonlar\u0131n yan\u0131 s\u0131ra, amino-modifikasyonlar da en s\u0131k kullan\u0131lan polar silika jel fazlar\u0131 aras\u0131ndad\u0131r. Aminofazlar, RP modunda sulu-organik eluent kar\u0131\u015f\u0131mlar\u0131yla ve NP modunda, \u00f6rne\u011fin mobil faz olarak hekzan ile \u00e7al\u0131\u015ft\u0131r\u0131labilir. Organik de\u011fi\u015ftiricilerle (\u00f6rn. asetonitril) birlikte yayg\u0131n tamponlarla (\u00f6rn. asetat veya fosfat) anyonlar\u0131n ve organik asitlerin iyon de\u011fi\u015fim kromatografisi de m\u00fcmk\u00fcnd\u00fcr. Polar etkile\u015fimler, hidrofobik etkile\u015fimler ve zay\u0131f iyon de\u011fi\u015fim etkile\u015fimlerine dayal\u0131 ay\u0131rma mekanizmas\u0131.<\/p>\n","protected":false},"excerpt":{"rendered":"<p>Bu HPLC kolonu, y\u00fcksek safl\u0131kta NUCLEODUR silika jel bazl\u0131 polar bir aminopropil modifikasyonu ile paketlenmi\u015ftir. Bu HPLC faz\u0131, tamamen alkil fonksiyonlu y\u00fczey modifikasyonlar\u0131ndan a\u00e7\u0131k\u00e7a fark edilebilir farkl\u0131 bir al\u0131konma davran\u0131\u015f\u0131 \u00fcretebilmektedir. Siyano-modifikasyonlar\u0131n yan\u0131 s\u0131ra, amino-modifikasyonlar da en s\u0131k kullan\u0131lan polar silika jel fazlar\u0131 aras\u0131ndad\u0131r. Aminofazlar, RP modunda sulu-organik eluent kar\u0131\u015f\u0131mlar\u0131yla ve NP modunda, \u00f6rne\u011fin mobil [&hellip;]<\/p>\n","protected":false},"featured_media":16904,"comment_status":"open","ping_status":"closed","template":"","meta":[],"product_cat":[121,122,67],"product_tag":[],"class_list":{"0":"post-13749","1":"product","2":"type-product","3":"status-publish","4":"has-post-thumbnail","6":"product_cat-hplc-ve-uhplc","7":"product_cat-hplc-ve-uhplc-kolonlari","8":"product_cat-kromatografi","10":"first","11":"instock","12":"shipping-taxable","13":"product-type-simple"},"_links":{"self":[{"href":"https:\/\/develop.eam-scientific.com\/tr\/wp-json\/wp\/v2\/product\/13749","targetHints":{"allow":["GET"]}}],"collection":[{"href":"https:\/\/develop.eam-scientific.com\/tr\/wp-json\/wp\/v2\/product"}],"about":[{"href":"https:\/\/develop.eam-scientific.com\/tr\/wp-json\/wp\/v2\/types\/product"}],"replies":[{"embeddable":true,"href":"https:\/\/develop.eam-scientific.com\/tr\/wp-json\/wp\/v2\/comments?post=13749"}],"wp:featuredmedia":[{"embeddable":true,"href":"https:\/\/develop.eam-scientific.com\/tr\/wp-json\/wp\/v2\/media\/16904"}],"wp:attachment":[{"href":"https:\/\/develop.eam-scientific.com\/tr\/wp-json\/wp\/v2\/media?parent=13749"}],"wp:term":[{"taxonomy":"product_cat","embeddable":true,"href":"https:\/\/develop.eam-scientific.com\/tr\/wp-json\/wp\/v2\/product_cat?post=13749"},{"taxonomy":"product_tag","embeddable":true,"href":"https:\/\/develop.eam-scientific.com\/tr\/wp-json\/wp\/v2\/product_tag?post=13749"}],"curies":[{"name":"wp","href":"https:\/\/api.w.org\/{rel}","templated":true}]}}