{"id":13761,"date":"2024-06-20T15:20:40","date_gmt":"2024-06-20T13:20:40","guid":{"rendered":"http:\/\/develop.eam-scientific.com\/produkt\/ec-hplc-kolonu-analitik-nucleodur-100-5-cn-rp-5-%c2%b5m-125x4-mm\/"},"modified":"2024-06-20T15:20:40","modified_gmt":"2024-06-20T13:20:40","slug":"ec-hplc-kolonu-analitik-nucleodur-100-5-cn-rp-5-%c2%b5m-125x4-mm","status":"publish","type":"product","link":"https:\/\/develop.eam-scientific.com\/tr\/produkt\/ec-hplc-kolonu-analitik-nucleodur-100-5-cn-rp-5-%c2%b5m-125x4-mm\/","title":{"rendered":"EC HPLC kolonu (analitik), NUCLEODUR 100-5 CN-RP, 5 \u00b5m, 125&#215;4 mm"},"content":{"rendered":"<p>U\u00e7 kapakl\u0131 siyanopropil faz\u0131, y\u00fcksek safl\u0131kta silika jel NUCLEODUR&#8217;a dayanmaktad\u0131r. Bu HPLC faz\u0131, tamamen alkil fonksiyonlu y\u00fczey modifikasyonlar\u0131ndan a\u00e7\u0131k\u00e7a fark edilebilir farkl\u0131 bir al\u0131konma davran\u0131\u015f\u0131 \u00fcretebilmektedir. Polarite, dipol-dipol, \u03c0-\u03c0-\u03c0 ve ayr\u0131ca hidrofobik etkile\u015fimler gibi \u00e7e\u015fitli tutma mekanizmalar\u0131na dayal\u0131 olarak ara olarak s\u0131n\u0131fland\u0131r\u0131labilir. Bu nedenle, bu faz polar organik bile\u015fiklerin yan\u0131 s\u0131ra \u03c0 elektron sistemleri i\u00e7eren molek\u00fcller (\u00f6rne\u011fin \u00e7ift ba\u011flara sahip analitler) i\u00e7in belirgin bir se\u00e7icilik g\u00f6sterir. Siyanopropil HPLC kolonlar\u0131, RP modunda sulu-organik eluent kar\u0131\u015f\u0131mlar\u0131yla ve NP modunda, \u00f6rne\u011fin mobil faz olarak hekzan ile \u00e7al\u0131\u015ft\u0131r\u0131labilir.<\/p>\n","protected":false},"excerpt":{"rendered":"<p>U\u00e7 kapakl\u0131 siyanopropil faz\u0131, y\u00fcksek safl\u0131kta silika jel NUCLEODUR&#8217;a dayanmaktad\u0131r. Bu HPLC faz\u0131, tamamen alkil fonksiyonlu y\u00fczey modifikasyonlar\u0131ndan a\u00e7\u0131k\u00e7a fark edilebilir farkl\u0131 bir al\u0131konma davran\u0131\u015f\u0131 \u00fcretebilmektedir. Polarite, dipol-dipol, \u03c0-\u03c0-\u03c0 ve ayr\u0131ca hidrofobik etkile\u015fimler gibi \u00e7e\u015fitli tutma mekanizmalar\u0131na dayal\u0131 olarak ara olarak s\u0131n\u0131fland\u0131r\u0131labilir. Bu nedenle, bu faz polar organik bile\u015fiklerin yan\u0131 s\u0131ra \u03c0 elektron sistemleri i\u00e7eren [&hellip;]<\/p>\n","protected":false},"featured_media":10096,"comment_status":"open","ping_status":"closed","template":"","meta":[],"product_cat":[121,122,67],"product_tag":[],"class_list":{"0":"post-13761","1":"product","2":"type-product","3":"status-publish","4":"has-post-thumbnail","6":"product_cat-hplc-ve-uhplc","7":"product_cat-hplc-ve-uhplc-kolonlari","8":"product_cat-kromatografi","10":"first","11":"instock","12":"shipping-taxable","13":"product-type-simple"},"_links":{"self":[{"href":"https:\/\/develop.eam-scientific.com\/tr\/wp-json\/wp\/v2\/product\/13761","targetHints":{"allow":["GET"]}}],"collection":[{"href":"https:\/\/develop.eam-scientific.com\/tr\/wp-json\/wp\/v2\/product"}],"about":[{"href":"https:\/\/develop.eam-scientific.com\/tr\/wp-json\/wp\/v2\/types\/product"}],"replies":[{"embeddable":true,"href":"https:\/\/develop.eam-scientific.com\/tr\/wp-json\/wp\/v2\/comments?post=13761"}],"wp:featuredmedia":[{"embeddable":true,"href":"https:\/\/develop.eam-scientific.com\/tr\/wp-json\/wp\/v2\/media\/10096"}],"wp:attachment":[{"href":"https:\/\/develop.eam-scientific.com\/tr\/wp-json\/wp\/v2\/media?parent=13761"}],"wp:term":[{"taxonomy":"product_cat","embeddable":true,"href":"https:\/\/develop.eam-scientific.com\/tr\/wp-json\/wp\/v2\/product_cat?post=13761"},{"taxonomy":"product_tag","embeddable":true,"href":"https:\/\/develop.eam-scientific.com\/tr\/wp-json\/wp\/v2\/product_tag?post=13761"}],"curies":[{"name":"wp","href":"https:\/\/api.w.org\/{rel}","templated":true}]}}