{"id":13769,"date":"2024-06-20T15:20:30","date_gmt":"2024-06-20T13:20:30","guid":{"rendered":"http:\/\/develop.eam-scientific.com\/produkt\/ec-hplc-kolonu-analitik-nucleodur-300-5-c4-ec-5-%c2%b5m-150x2-mm\/"},"modified":"2024-06-20T15:20:30","modified_gmt":"2024-06-20T13:20:30","slug":"ec-hplc-kolonu-analitik-nucleodur-300-5-c4-ec-5-%c2%b5m-150x2-mm","status":"publish","type":"product","link":"https:\/\/develop.eam-scientific.com\/tr\/produkt\/ec-hplc-kolonu-analitik-nucleodur-300-5-c4-ec-5-%c2%b5m-150x2-mm\/","title":{"rendered":"EC HPLC kolonu (analitik), NUCLEODUR 300-5 C4 ec, 5 \u00b5m, 150&#215;2 mm"},"content":{"rendered":"<p>G\u00fcnl\u00fck rutin analizler i\u00e7in geni\u015f g\u00f6zenekli RP faz\u0131. Orta yo\u011funluklu butil modifikasyonu, y\u00fcksek safl\u0131kta silika jel NUCLEODUR&#8217;a dayan\u0131r ve biyomolek\u00fclleri ay\u0131rmak i\u00e7in s\u0131kl\u0131kla kullan\u0131l\u0131r. Butil (C4) modifikasyonlar\u0131, C18 (oktadesilsilan, ODS) veya C8 (oktil, MOS) modifikasyonlar\u0131na k\u0131yasla hidrofobik bile\u015fikler i\u00e7in daha d\u00fc\u015f\u00fck bir tutuculu\u011fa sahiptir.<\/p>\n","protected":false},"excerpt":{"rendered":"<p>G\u00fcnl\u00fck rutin analizler i\u00e7in geni\u015f g\u00f6zenekli RP faz\u0131. Orta yo\u011funluklu butil modifikasyonu, y\u00fcksek safl\u0131kta silika jel NUCLEODUR&#8217;a dayan\u0131r ve biyomolek\u00fclleri ay\u0131rmak i\u00e7in s\u0131kl\u0131kla kullan\u0131l\u0131r. Butil (C4) modifikasyonlar\u0131, C18 (oktadesilsilan, ODS) veya C8 (oktil, MOS) modifikasyonlar\u0131na k\u0131yasla hidrofobik bile\u015fikler i\u00e7in daha d\u00fc\u015f\u00fck bir tutuculu\u011fa sahiptir.<\/p>\n","protected":false},"featured_media":17999,"comment_status":"open","ping_status":"closed","template":"","meta":[],"product_cat":[121,122,67],"product_tag":[],"class_list":{"0":"post-13769","1":"product","2":"type-product","3":"status-publish","4":"has-post-thumbnail","6":"product_cat-hplc-ve-uhplc","7":"product_cat-hplc-ve-uhplc-kolonlari","8":"product_cat-kromatografi","10":"first","11":"instock","12":"shipping-taxable","13":"product-type-simple"},"_links":{"self":[{"href":"https:\/\/develop.eam-scientific.com\/tr\/wp-json\/wp\/v2\/product\/13769","targetHints":{"allow":["GET"]}}],"collection":[{"href":"https:\/\/develop.eam-scientific.com\/tr\/wp-json\/wp\/v2\/product"}],"about":[{"href":"https:\/\/develop.eam-scientific.com\/tr\/wp-json\/wp\/v2\/types\/product"}],"replies":[{"embeddable":true,"href":"https:\/\/develop.eam-scientific.com\/tr\/wp-json\/wp\/v2\/comments?post=13769"}],"wp:featuredmedia":[{"embeddable":true,"href":"https:\/\/develop.eam-scientific.com\/tr\/wp-json\/wp\/v2\/media\/17999"}],"wp:attachment":[{"href":"https:\/\/develop.eam-scientific.com\/tr\/wp-json\/wp\/v2\/media?parent=13769"}],"wp:term":[{"taxonomy":"product_cat","embeddable":true,"href":"https:\/\/develop.eam-scientific.com\/tr\/wp-json\/wp\/v2\/product_cat?post=13769"},{"taxonomy":"product_tag","embeddable":true,"href":"https:\/\/develop.eam-scientific.com\/tr\/wp-json\/wp\/v2\/product_tag?post=13769"}],"curies":[{"name":"wp","href":"https:\/\/api.w.org\/{rel}","templated":true}]}}