{"id":13785,"date":"2024-06-20T15:19:24","date_gmt":"2024-06-20T13:19:24","guid":{"rendered":"http:\/\/develop.eam-scientific.com\/produkt\/ec-hplc-kolonu-analitik-nucleodur-c18-isis-5-%c2%b5m-150x2-mm\/"},"modified":"2024-06-28T10:25:05","modified_gmt":"2024-06-28T08:25:05","slug":"ec-hplc-kolonu-analitik-nucleodur-c18-isis-5-%c2%b5m-150x2-mm","status":"publish","type":"product","link":"https:\/\/develop.eam-scientific.com\/tr\/produkt\/ec-hplc-kolonu-analitik-nucleodur-c18-isis-5-%c2%b5m-150x2-mm\/","title":{"rendered":"EC HPLC kolonu (analitik), NUCLEODUR C18 Isis, 5 \u00b5m, 150&#215;4 mm"},"content":{"rendered":"<p>\u0130sis (eski Yunanca&#8217;dan) M\u0131s\u0131r mitolojisinde bir tanr\u0131\u00e7ad\u0131r. \u0130sis ilahi alemde \u00e7ok \u00f6zel bir rol oynuyordu &#8211; sihirli g\u00fc\u00e7lere sahip tek tanr\u0131\u00e7ayd\u0131. NUCLEODUR C18 Isis, \u00f6zel bir polimerik, \u00e7apraz ba\u011fl\u0131 y\u00fczey modifikasyonuna sahip bir oktadesil silil fazd\u0131r ve ola\u011fan\u00fcst\u00fc sterik se\u00e7icilik sa\u011flar. Bu &#8220;sihirli&#8221; se\u00e7icilik (o,p,m-) s\u00fcbstit\u00fce aromatik bile\u015fikleri ay\u0131rabilir.<\/p>\n","protected":false},"excerpt":{"rendered":"<p>\u0130sis (eski Yunanca&#8217;dan) M\u0131s\u0131r mitolojisinde bir tanr\u0131\u00e7ad\u0131r. \u0130sis ilahi alemde \u00e7ok \u00f6zel bir rol oynuyordu &#8211; sihirli g\u00fc\u00e7lere sahip tek tanr\u0131\u00e7ayd\u0131. NUCLEODUR C18 Isis, \u00f6zel bir polimerik, \u00e7apraz ba\u011fl\u0131 y\u00fczey modifikasyonuna sahip bir oktadesil silil fazd\u0131r ve ola\u011fan\u00fcst\u00fc sterik se\u00e7icilik sa\u011flar. Bu &#8220;sihirli&#8221; se\u00e7icilik (o,p,m-) s\u00fcbstit\u00fce aromatik bile\u015fikleri ay\u0131rabilir.<\/p>\n","protected":false},"featured_media":17960,"comment_status":"open","ping_status":"closed","template":"","meta":[],"product_cat":[121,122,67],"product_tag":[],"class_list":{"0":"post-13785","1":"product","2":"type-product","3":"status-publish","4":"has-post-thumbnail","6":"product_cat-hplc-ve-uhplc","7":"product_cat-hplc-ve-uhplc-kolonlari","8":"product_cat-kromatografi","10":"first","11":"instock","12":"shipping-taxable","13":"product-type-simple"},"_links":{"self":[{"href":"https:\/\/develop.eam-scientific.com\/tr\/wp-json\/wp\/v2\/product\/13785","targetHints":{"allow":["GET"]}}],"collection":[{"href":"https:\/\/develop.eam-scientific.com\/tr\/wp-json\/wp\/v2\/product"}],"about":[{"href":"https:\/\/develop.eam-scientific.com\/tr\/wp-json\/wp\/v2\/types\/product"}],"replies":[{"embeddable":true,"href":"https:\/\/develop.eam-scientific.com\/tr\/wp-json\/wp\/v2\/comments?post=13785"}],"wp:featuredmedia":[{"embeddable":true,"href":"https:\/\/develop.eam-scientific.com\/tr\/wp-json\/wp\/v2\/media\/17960"}],"wp:attachment":[{"href":"https:\/\/develop.eam-scientific.com\/tr\/wp-json\/wp\/v2\/media?parent=13785"}],"wp:term":[{"taxonomy":"product_cat","embeddable":true,"href":"https:\/\/develop.eam-scientific.com\/tr\/wp-json\/wp\/v2\/product_cat?post=13785"},{"taxonomy":"product_tag","embeddable":true,"href":"https:\/\/develop.eam-scientific.com\/tr\/wp-json\/wp\/v2\/product_tag?post=13785"}],"curies":[{"name":"wp","href":"https:\/\/api.w.org\/{rel}","templated":true}]}}