{"id":13799,"date":"2024-06-20T15:23:45","date_gmt":"2024-06-20T13:23:45","guid":{"rendered":"http:\/\/develop.eam-scientific.com\/produkt\/ec-hplc-kolonu-analitik-nucleocel-delta-s-5-%c2%b5m-150x46-mm\/"},"modified":"2024-06-20T15:23:45","modified_gmt":"2024-06-20T13:23:45","slug":"ec-hplc-kolonu-analitik-nucleocel-delta-s-5-%c2%b5m-150x46-mm","status":"publish","type":"product","link":"https:\/\/develop.eam-scientific.com\/tr\/produkt\/ec-hplc-kolonu-analitik-nucleocel-delta-s-5-%c2%b5m-150x46-mm\/","title":{"rendered":"EC HPLC kolonu (analitik), NUCLEOCEL DELTA S, 5 \u00b5m, 150&#215;4,6 mm"},"content":{"rendered":"<p>HPLC enantiyomer ayr\u0131m\u0131 i\u00e7in sel\u00fcloz modifiye silika jel faz\u0131. Benzer fazlar &#8211; Chiralcel OD-H (Normal Faz, NP), Chiralcel OD-RH (Ters Faz, RP), Kromasil CelluCoat, Eurocel 01, Lux Sel\u00fcloz-1.<\/p>\n","protected":false},"excerpt":{"rendered":"<p>HPLC enantiyomer ayr\u0131m\u0131 i\u00e7in sel\u00fcloz modifiye silika jel faz\u0131. Benzer fazlar &#8211; Chiralcel OD-H (Normal Faz, NP), Chiralcel OD-RH (Ters Faz, RP), Kromasil CelluCoat, Eurocel 01, Lux Sel\u00fcloz-1.<\/p>\n","protected":false},"featured_media":10490,"comment_status":"open","ping_status":"closed","template":"","meta":[],"product_cat":[121,122,67],"product_tag":[],"class_list":{"0":"post-13799","1":"product","2":"type-product","3":"status-publish","4":"has-post-thumbnail","6":"product_cat-hplc-ve-uhplc","7":"product_cat-hplc-ve-uhplc-kolonlari","8":"product_cat-kromatografi","10":"first","11":"instock","12":"shipping-taxable","13":"product-type-simple"},"_links":{"self":[{"href":"https:\/\/develop.eam-scientific.com\/tr\/wp-json\/wp\/v2\/product\/13799","targetHints":{"allow":["GET"]}}],"collection":[{"href":"https:\/\/develop.eam-scientific.com\/tr\/wp-json\/wp\/v2\/product"}],"about":[{"href":"https:\/\/develop.eam-scientific.com\/tr\/wp-json\/wp\/v2\/types\/product"}],"replies":[{"embeddable":true,"href":"https:\/\/develop.eam-scientific.com\/tr\/wp-json\/wp\/v2\/comments?post=13799"}],"wp:featuredmedia":[{"embeddable":true,"href":"https:\/\/develop.eam-scientific.com\/tr\/wp-json\/wp\/v2\/media\/10490"}],"wp:attachment":[{"href":"https:\/\/develop.eam-scientific.com\/tr\/wp-json\/wp\/v2\/media?parent=13799"}],"wp:term":[{"taxonomy":"product_cat","embeddable":true,"href":"https:\/\/develop.eam-scientific.com\/tr\/wp-json\/wp\/v2\/product_cat?post=13799"},{"taxonomy":"product_tag","embeddable":true,"href":"https:\/\/develop.eam-scientific.com\/tr\/wp-json\/wp\/v2\/product_tag?post=13799"}],"curies":[{"name":"wp","href":"https:\/\/api.w.org\/{rel}","templated":true}]}}