{"id":13806,"date":"2024-06-20T15:23:45","date_gmt":"2024-06-20T13:23:45","guid":{"rendered":"http:\/\/develop.eam-scientific.com\/produkt\/ec-hplc-kolonu-analitik-nucleoshell-biphenyl-27-%c2%b5m-100x4-mm\/"},"modified":"2024-06-20T15:23:45","modified_gmt":"2024-06-20T13:23:45","slug":"ec-hplc-kolonu-analitik-nucleoshell-biphenyl-27-%c2%b5m-100x4-mm","status":"publish","type":"product","link":"https:\/\/develop.eam-scientific.com\/tr\/produkt\/ec-hplc-kolonu-analitik-nucleoshell-biphenyl-27-%c2%b5m-100x4-mm\/","title":{"rendered":"EC HPLC kolonu (analitik), NUCLEOSHELL Biphenyl, 2,7 \u00b5m, 100&#215;4 mm"},"content":{"rendered":"<p>Klasik C18 modifikasyonlar\u0131na k\u0131yasla alternatif se\u00e7icili\u011fe sahip hidrofobik faz. Ay\u0131rma prensibi iki tutma mekanizmas\u0131na dayan\u0131r &#8211; \u03c0-\u03c0 ve hidrofobik etkile\u015fimler. Bu, aromatik ve doymam\u0131\u015f maddelerin tutulmas\u0131n\u0131 iyile\u015ftirir. Bu sabit HPLC faz\u0131, y\u00fcksek safl\u0131kta NUCLEODUR silika jel bazl\u0131d\u0131r ve \u00e7ok sulu ko\u015fullar alt\u0131nda m\u00fckemmel performans g\u00f6sterir.<\/p>\n","protected":false},"excerpt":{"rendered":"<p>Klasik C18 modifikasyonlar\u0131na k\u0131yasla alternatif se\u00e7icili\u011fe sahip hidrofobik faz. Ay\u0131rma prensibi iki tutma mekanizmas\u0131na dayan\u0131r &#8211; \u03c0-\u03c0 ve hidrofobik etkile\u015fimler. Bu, aromatik ve doymam\u0131\u015f maddelerin tutulmas\u0131n\u0131 iyile\u015ftirir. Bu sabit HPLC faz\u0131, y\u00fcksek safl\u0131kta NUCLEODUR silika jel bazl\u0131d\u0131r ve \u00e7ok sulu ko\u015fullar alt\u0131nda m\u00fckemmel performans g\u00f6sterir.<\/p>\n","protected":false},"featured_media":17894,"comment_status":"open","ping_status":"closed","template":"","meta":[],"product_cat":[121,122,67],"product_tag":[],"class_list":{"0":"post-13806","1":"product","2":"type-product","3":"status-publish","4":"has-post-thumbnail","6":"product_cat-hplc-ve-uhplc","7":"product_cat-hplc-ve-uhplc-kolonlari","8":"product_cat-kromatografi","10":"first","11":"instock","12":"shipping-taxable","13":"product-type-simple"},"_links":{"self":[{"href":"https:\/\/develop.eam-scientific.com\/tr\/wp-json\/wp\/v2\/product\/13806","targetHints":{"allow":["GET"]}}],"collection":[{"href":"https:\/\/develop.eam-scientific.com\/tr\/wp-json\/wp\/v2\/product"}],"about":[{"href":"https:\/\/develop.eam-scientific.com\/tr\/wp-json\/wp\/v2\/types\/product"}],"replies":[{"embeddable":true,"href":"https:\/\/develop.eam-scientific.com\/tr\/wp-json\/wp\/v2\/comments?post=13806"}],"wp:featuredmedia":[{"embeddable":true,"href":"https:\/\/develop.eam-scientific.com\/tr\/wp-json\/wp\/v2\/media\/17894"}],"wp:attachment":[{"href":"https:\/\/develop.eam-scientific.com\/tr\/wp-json\/wp\/v2\/media?parent=13806"}],"wp:term":[{"taxonomy":"product_cat","embeddable":true,"href":"https:\/\/develop.eam-scientific.com\/tr\/wp-json\/wp\/v2\/product_cat?post=13806"},{"taxonomy":"product_tag","embeddable":true,"href":"https:\/\/develop.eam-scientific.com\/tr\/wp-json\/wp\/v2\/product_tag?post=13806"}],"curies":[{"name":"wp","href":"https:\/\/api.w.org\/{rel}","templated":true}]}}