{"id":14084,"date":"2024-06-20T15:26:05","date_gmt":"2024-06-20T13:26:05","guid":{"rendered":"http:\/\/develop.eam-scientific.com\/produkt\/ec-hplc-kolonu-analitik-nucleodur-100-3-3-%c2%b5m-150x46-mm\/"},"modified":"2024-06-20T15:26:05","modified_gmt":"2024-06-20T13:26:05","slug":"ec-hplc-kolonu-analitik-nucleodur-100-3-3-%c2%b5m-150x46-mm","status":"publish","type":"product","link":"https:\/\/develop.eam-scientific.com\/tr\/produkt\/ec-hplc-kolonu-analitik-nucleodur-100-3-3-%c2%b5m-150x46-mm\/","title":{"rendered":"EC HPLC kolonu (analitik), NUCLEODUR 100-3, 3 \u00b5m, 150&#215;4,6 mm"},"content":{"rendered":"<p>Normal faz uygulamalar\u0131 i\u00e7in bu modifiye edilmemi\u015f faz, y\u00fcksek safl\u0131kta silika jel NUCLEODUR&#8217;a dayanmaktad\u0131r.<\/p>\n","protected":false},"excerpt":{"rendered":"<p>Normal faz uygulamalar\u0131 i\u00e7in bu modifiye edilmemi\u015f faz, y\u00fcksek safl\u0131kta silika jel NUCLEODUR&#8217;a dayanmaktad\u0131r.<\/p>\n","protected":false},"featured_media":10798,"comment_status":"open","ping_status":"closed","template":"","meta":[],"product_cat":[121,122,67],"product_tag":[],"class_list":{"0":"post-14084","1":"product","2":"type-product","3":"status-publish","4":"has-post-thumbnail","6":"product_cat-hplc-ve-uhplc","7":"product_cat-hplc-ve-uhplc-kolonlari","8":"product_cat-kromatografi","10":"first","11":"instock","12":"shipping-taxable","13":"product-type-simple"},"_links":{"self":[{"href":"https:\/\/develop.eam-scientific.com\/tr\/wp-json\/wp\/v2\/product\/14084","targetHints":{"allow":["GET"]}}],"collection":[{"href":"https:\/\/develop.eam-scientific.com\/tr\/wp-json\/wp\/v2\/product"}],"about":[{"href":"https:\/\/develop.eam-scientific.com\/tr\/wp-json\/wp\/v2\/types\/product"}],"replies":[{"embeddable":true,"href":"https:\/\/develop.eam-scientific.com\/tr\/wp-json\/wp\/v2\/comments?post=14084"}],"wp:featuredmedia":[{"embeddable":true,"href":"https:\/\/develop.eam-scientific.com\/tr\/wp-json\/wp\/v2\/media\/10798"}],"wp:attachment":[{"href":"https:\/\/develop.eam-scientific.com\/tr\/wp-json\/wp\/v2\/media?parent=14084"}],"wp:term":[{"taxonomy":"product_cat","embeddable":true,"href":"https:\/\/develop.eam-scientific.com\/tr\/wp-json\/wp\/v2\/product_cat?post=14084"},{"taxonomy":"product_tag","embeddable":true,"href":"https:\/\/develop.eam-scientific.com\/tr\/wp-json\/wp\/v2\/product_tag?post=14084"}],"curies":[{"name":"wp","href":"https:\/\/api.w.org\/{rel}","templated":true}]}}