{"id":14097,"date":"2024-06-20T15:25:53","date_gmt":"2024-06-20T13:25:53","guid":{"rendered":"http:\/\/develop.eam-scientific.com\/produkt\/ec-hplc-kolonu-analitik-nucleosil-120-7-cn-7-%c2%b5m-250x46-mm\/"},"modified":"2024-06-20T15:25:53","modified_gmt":"2024-06-20T13:25:53","slug":"ec-hplc-kolonu-analitik-nucleosil-120-7-cn-7-%c2%b5m-250x46-mm","status":"publish","type":"product","link":"https:\/\/develop.eam-scientific.com\/tr\/produkt\/ec-hplc-kolonu-analitik-nucleosil-120-7-cn-7-%c2%b5m-250x46-mm\/","title":{"rendered":"EC HPLC kolonu (analitik), NUCLEOSIL 120-7 CN, 7 \u00b5m, 250&#215;4,6 mm"},"content":{"rendered":"<p>Siyanopropil faz\u0131, tamamen alkil fonksiyonlu y\u00fczey modifikasyonlar\u0131ndan a\u00e7\u0131k\u00e7a fark edilebilir farkl\u0131 bir tutma davran\u0131\u015f\u0131 \u00fcretebilmektedir. Polarite, dipol-dipol, \u03c0-\u03c0-\u03c0 ve ayr\u0131ca hidrofobik etkile\u015fimler gibi \u00e7e\u015fitli tutma mekanizmalar\u0131na dayal\u0131 olarak ara olarak s\u0131n\u0131fland\u0131r\u0131labilir. Bu nedenle, CN fazlar\u0131 polar organik bile\u015fiklerin yan\u0131 s\u0131ra \u03c0 elektron sistemleri i\u00e7eren molek\u00fcller (\u00f6rne\u011fin \u00e7ift ba\u011flara sahip analitler) i\u00e7in belirgin bir se\u00e7icilik g\u00f6sterir. Bu HPLC faz\u0131 hem RP modunda sulu-organik eluent kar\u0131\u015f\u0131mlar\u0131yla hem de NP modunda, \u00f6rne\u011fin mobil faz olarak hekzan ile \u00e7al\u0131\u015ft\u0131r\u0131labilir. HPLC kolonu, orijinal NUCLEOSIL silika jele dayal\u0131 bir CN modifikasyonu ile paketlenmi\u015ftir. Bu, HPLC i\u00e7in ilk k\u00fcresel silika jellerden biridir ve 1974 y\u0131l\u0131nda MACHEREY-NAGEL taraf\u0131ndan geli\u015ftirilmi\u015ftir. Sadece Almanya&#8217;da \u00fcretilmektedir ve halen d\u00fcnya \u00e7ap\u0131nda kalite kontrolde en s\u0131k kullan\u0131lan HPLC silika jellerinden biridir.<\/p>\n","protected":false},"excerpt":{"rendered":"<p>Siyanopropil faz\u0131, tamamen alkil fonksiyonlu y\u00fczey modifikasyonlar\u0131ndan a\u00e7\u0131k\u00e7a fark edilebilir farkl\u0131 bir tutma davran\u0131\u015f\u0131 \u00fcretebilmektedir. Polarite, dipol-dipol, \u03c0-\u03c0-\u03c0 ve ayr\u0131ca hidrofobik etkile\u015fimler gibi \u00e7e\u015fitli tutma mekanizmalar\u0131na dayal\u0131 olarak ara olarak s\u0131n\u0131fland\u0131r\u0131labilir. Bu nedenle, CN fazlar\u0131 polar organik bile\u015fiklerin yan\u0131 s\u0131ra \u03c0 elektron sistemleri i\u00e7eren molek\u00fcller (\u00f6rne\u011fin \u00e7ift ba\u011flara sahip analitler) i\u00e7in belirgin bir se\u00e7icilik g\u00f6sterir. [&hellip;]<\/p>\n","protected":false},"featured_media":10782,"comment_status":"open","ping_status":"closed","template":"","meta":[],"product_cat":[121,122,67],"product_tag":[],"class_list":{"0":"post-14097","1":"product","2":"type-product","3":"status-publish","4":"has-post-thumbnail","6":"product_cat-hplc-ve-uhplc","7":"product_cat-hplc-ve-uhplc-kolonlari","8":"product_cat-kromatografi","10":"first","11":"instock","12":"shipping-taxable","13":"product-type-simple"},"_links":{"self":[{"href":"https:\/\/develop.eam-scientific.com\/tr\/wp-json\/wp\/v2\/product\/14097","targetHints":{"allow":["GET"]}}],"collection":[{"href":"https:\/\/develop.eam-scientific.com\/tr\/wp-json\/wp\/v2\/product"}],"about":[{"href":"https:\/\/develop.eam-scientific.com\/tr\/wp-json\/wp\/v2\/types\/product"}],"replies":[{"embeddable":true,"href":"https:\/\/develop.eam-scientific.com\/tr\/wp-json\/wp\/v2\/comments?post=14097"}],"wp:featuredmedia":[{"embeddable":true,"href":"https:\/\/develop.eam-scientific.com\/tr\/wp-json\/wp\/v2\/media\/10782"}],"wp:attachment":[{"href":"https:\/\/develop.eam-scientific.com\/tr\/wp-json\/wp\/v2\/media?parent=14097"}],"wp:term":[{"taxonomy":"product_cat","embeddable":true,"href":"https:\/\/develop.eam-scientific.com\/tr\/wp-json\/wp\/v2\/product_cat?post=14097"},{"taxonomy":"product_tag","embeddable":true,"href":"https:\/\/develop.eam-scientific.com\/tr\/wp-json\/wp\/v2\/product_tag?post=14097"}],"curies":[{"name":"wp","href":"https:\/\/api.w.org\/{rel}","templated":true}]}}