{"id":14137,"date":"2024-06-20T15:25:41","date_gmt":"2024-06-20T13:25:41","guid":{"rendered":"http:\/\/develop.eam-scientific.com\/produkt\/ec-hplc-kolonu-analitik-nucleosil-chiral-1-5-%c2%b5m-250x4-mm\/"},"modified":"2024-06-20T15:25:41","modified_gmt":"2024-06-20T13:25:41","slug":"ec-hplc-kolonu-analitik-nucleosil-chiral-1-5-%c2%b5m-250x4-mm","status":"publish","type":"product","link":"https:\/\/develop.eam-scientific.com\/tr\/produkt\/ec-hplc-kolonu-analitik-nucleosil-chiral-1-5-%c2%b5m-250x4-mm\/","title":{"rendered":"EC HPLC kolonu (analitik), NUCLEOSIL CHIRAL-1, 5 \u00b5m, 250&#215;4 mm"},"content":{"rendered":"<p>HPLC enantiyomer ayr\u0131m\u0131 i\u00e7in silika jel bazl\u0131 faz. Ana etkile\u015fim modu &#8211; Cu(II) iyonlar\u0131 ile \u00fc\u00e7l\u00fc kar\u0131\u015f\u0131k ligand komplekslerinin olu\u015fumu. Diastereomerik komplekslerin stabilitesindeki farkl\u0131l\u0131klar kromatografik ayr\u0131ma yol a\u00e7ar. Orijinal NUCLEOSIL silika jele dayanmaktad\u0131r. Bu, HPLC i\u00e7in ilk k\u00fcresel silika jellerden biridir ve 1974 y\u0131l\u0131nda MACHEREY-NAGEL taraf\u0131ndan geli\u015ftirilmi\u015ftir. Sadece Almanya&#8217;da \u00fcretilmektedir ve halen d\u00fcnya \u00e7ap\u0131nda kalite kontrolde en s\u0131k kullan\u0131lan HPLC silika jellerinden biridir.<\/p>\n","protected":false},"excerpt":{"rendered":"<p>HPLC enantiyomer ayr\u0131m\u0131 i\u00e7in silika jel bazl\u0131 faz. Ana etkile\u015fim modu &#8211; Cu(II) iyonlar\u0131 ile \u00fc\u00e7l\u00fc kar\u0131\u015f\u0131k ligand komplekslerinin olu\u015fumu. Diastereomerik komplekslerin stabilitesindeki farkl\u0131l\u0131klar kromatografik ayr\u0131ma yol a\u00e7ar. Orijinal NUCLEOSIL silika jele dayanmaktad\u0131r. Bu, HPLC i\u00e7in ilk k\u00fcresel silika jellerden biridir ve 1974 y\u0131l\u0131nda MACHEREY-NAGEL taraf\u0131ndan geli\u015ftirilmi\u015ftir. Sadece Almanya&#8217;da \u00fcretilmektedir ve halen d\u00fcnya \u00e7ap\u0131nda kalite [&hellip;]<\/p>\n","protected":false},"featured_media":10742,"comment_status":"open","ping_status":"closed","template":"","meta":[],"product_cat":[121,122,67],"product_tag":[],"class_list":{"0":"post-14137","1":"product","2":"type-product","3":"status-publish","4":"has-post-thumbnail","6":"product_cat-hplc-ve-uhplc","7":"product_cat-hplc-ve-uhplc-kolonlari","8":"product_cat-kromatografi","10":"first","11":"instock","12":"shipping-taxable","13":"product-type-simple"},"_links":{"self":[{"href":"https:\/\/develop.eam-scientific.com\/tr\/wp-json\/wp\/v2\/product\/14137","targetHints":{"allow":["GET"]}}],"collection":[{"href":"https:\/\/develop.eam-scientific.com\/tr\/wp-json\/wp\/v2\/product"}],"about":[{"href":"https:\/\/develop.eam-scientific.com\/tr\/wp-json\/wp\/v2\/types\/product"}],"replies":[{"embeddable":true,"href":"https:\/\/develop.eam-scientific.com\/tr\/wp-json\/wp\/v2\/comments?post=14137"}],"wp:featuredmedia":[{"embeddable":true,"href":"https:\/\/develop.eam-scientific.com\/tr\/wp-json\/wp\/v2\/media\/10742"}],"wp:attachment":[{"href":"https:\/\/develop.eam-scientific.com\/tr\/wp-json\/wp\/v2\/media?parent=14137"}],"wp:term":[{"taxonomy":"product_cat","embeddable":true,"href":"https:\/\/develop.eam-scientific.com\/tr\/wp-json\/wp\/v2\/product_cat?post=14137"},{"taxonomy":"product_tag","embeddable":true,"href":"https:\/\/develop.eam-scientific.com\/tr\/wp-json\/wp\/v2\/product_tag?post=14137"}],"curies":[{"name":"wp","href":"https:\/\/api.w.org\/{rel}","templated":true}]}}