{"id":14207,"date":"2024-06-20T15:25:11","date_gmt":"2024-06-20T13:25:11","guid":{"rendered":"http:\/\/develop.eam-scientific.com\/produkt\/ec-hplc-kolonu-analitik-nucleodur-pfas-3-%c2%b5m-50x2-mm\/"},"modified":"2024-06-20T15:25:11","modified_gmt":"2024-06-20T13:25:11","slug":"ec-hplc-kolonu-analitik-nucleodur-pfas-3-%c2%b5m-50x2-mm","status":"publish","type":"product","link":"https:\/\/develop.eam-scientific.com\/tr\/produkt\/ec-hplc-kolonu-analitik-nucleodur-pfas-3-%c2%b5m-50x2-mm\/","title":{"rendered":"EC HPLC kolonu (analitik), NUCLEODUR PFAS, 3 \u00b5m, 50&#215;2 mm"},"content":{"rendered":"<p>\u00d6zel PFAS analizi i\u00e7in belirgin polar se\u00e7icili\u011fe sahip hidrofobik ters faz. PFAS analizi i\u00e7in uygunluk, nitelikli bir parti analizi ile sa\u011flan\u0131r. Bu HPLC faz\u0131 y\u00fcksek safl\u0131kta NUCLEODUR HPLC silika jelden olu\u015fur ve kapsaml\u0131 \u015fekilde u\u00e7 kapakl\u0131d\u0131r. D\u00fc\u015f\u00fck kanama davran\u0131\u015flar\u0131 nedeniyle, bu kolonlar son derece hassas LC\/MS analizleri i\u00e7in uygundur.<\/p>\n","protected":false},"excerpt":{"rendered":"<p>\u00d6zel PFAS analizi i\u00e7in belirgin polar se\u00e7icili\u011fe sahip hidrofobik ters faz. PFAS analizi i\u00e7in uygunluk, nitelikli bir parti analizi ile sa\u011flan\u0131r. Bu HPLC faz\u0131 y\u00fcksek safl\u0131kta NUCLEODUR HPLC silika jelden olu\u015fur ve kapsaml\u0131 \u015fekilde u\u00e7 kapakl\u0131d\u0131r. D\u00fc\u015f\u00fck kanama davran\u0131\u015flar\u0131 nedeniyle, bu kolonlar son derece hassas LC\/MS analizleri i\u00e7in uygundur.<\/p>\n","protected":false},"featured_media":10686,"comment_status":"open","ping_status":"closed","template":"","meta":[],"product_cat":[121,122,67],"product_tag":[],"class_list":{"0":"post-14207","1":"product","2":"type-product","3":"status-publish","4":"has-post-thumbnail","6":"product_cat-hplc-ve-uhplc","7":"product_cat-hplc-ve-uhplc-kolonlari","8":"product_cat-kromatografi","10":"first","11":"instock","12":"shipping-taxable","13":"product-type-simple"},"_links":{"self":[{"href":"https:\/\/develop.eam-scientific.com\/tr\/wp-json\/wp\/v2\/product\/14207","targetHints":{"allow":["GET"]}}],"collection":[{"href":"https:\/\/develop.eam-scientific.com\/tr\/wp-json\/wp\/v2\/product"}],"about":[{"href":"https:\/\/develop.eam-scientific.com\/tr\/wp-json\/wp\/v2\/types\/product"}],"replies":[{"embeddable":true,"href":"https:\/\/develop.eam-scientific.com\/tr\/wp-json\/wp\/v2\/comments?post=14207"}],"wp:featuredmedia":[{"embeddable":true,"href":"https:\/\/develop.eam-scientific.com\/tr\/wp-json\/wp\/v2\/media\/10686"}],"wp:attachment":[{"href":"https:\/\/develop.eam-scientific.com\/tr\/wp-json\/wp\/v2\/media?parent=14207"}],"wp:term":[{"taxonomy":"product_cat","embeddable":true,"href":"https:\/\/develop.eam-scientific.com\/tr\/wp-json\/wp\/v2\/product_cat?post=14207"},{"taxonomy":"product_tag","embeddable":true,"href":"https:\/\/develop.eam-scientific.com\/tr\/wp-json\/wp\/v2\/product_tag?post=14207"}],"curies":[{"name":"wp","href":"https:\/\/api.w.org\/{rel}","templated":true}]}}