{"id":14222,"date":"2024-06-20T15:25:11","date_gmt":"2024-06-20T13:25:11","guid":{"rendered":"http:\/\/develop.eam-scientific.com\/produkt\/va-hplc-kolonu-analitik-ps-dvb-polimer-nucleogel-gpc-5-%c2%b5m-300x77-mm\/"},"modified":"2024-06-20T15:25:11","modified_gmt":"2024-06-20T13:25:11","slug":"va-hplc-kolonu-analitik-ps-dvb-polimer-nucleogel-gpc-5-%c2%b5m-300x77-mm","status":"publish","type":"product","link":"https:\/\/develop.eam-scientific.com\/tr\/produkt\/va-hplc-kolonu-analitik-ps-dvb-polimer-nucleogel-gpc-5-%c2%b5m-300x77-mm\/","title":{"rendered":"VA HPLC kolonu (analitik), PS\/DVB polimer, NUCLEOGEL GPC, 5 \u00b5m, 300&#215;7,7 mm"},"content":{"rendered":"<p>Suda \u00e7\u00f6z\u00fcnmeyen maddelerin boyut d\u0131\u015flama kromatografisi (SEC) veya jel permeasyon kromatografisi (GPC) i\u00e7in polimer bazl\u0131 kolonlar. \u0130yi mekanik stabiliteye sahip y\u00fcksek \u00e7apraz ba\u011fl\u0131 makrog\u00f6zenekli, k\u00fcresel polistiren-divinilbenzen polimer matrisi.<\/p>\n","protected":false},"excerpt":{"rendered":"<p>Suda \u00e7\u00f6z\u00fcnmeyen maddelerin boyut d\u0131\u015flama kromatografisi (SEC) veya jel permeasyon kromatografisi (GPC) i\u00e7in polimer bazl\u0131 kolonlar. \u0130yi mekanik stabiliteye sahip y\u00fcksek \u00e7apraz ba\u011fl\u0131 makrog\u00f6zenekli, k\u00fcresel polistiren-divinilbenzen polimer matrisi.<\/p>\n","protected":false},"featured_media":10668,"comment_status":"open","ping_status":"closed","template":"","meta":[],"product_cat":[121,122,67],"product_tag":[],"class_list":{"0":"post-14222","1":"product","2":"type-product","3":"status-publish","4":"has-post-thumbnail","6":"product_cat-hplc-ve-uhplc","7":"product_cat-hplc-ve-uhplc-kolonlari","8":"product_cat-kromatografi","10":"first","11":"instock","12":"shipping-taxable","13":"product-type-simple"},"_links":{"self":[{"href":"https:\/\/develop.eam-scientific.com\/tr\/wp-json\/wp\/v2\/product\/14222","targetHints":{"allow":["GET"]}}],"collection":[{"href":"https:\/\/develop.eam-scientific.com\/tr\/wp-json\/wp\/v2\/product"}],"about":[{"href":"https:\/\/develop.eam-scientific.com\/tr\/wp-json\/wp\/v2\/types\/product"}],"replies":[{"embeddable":true,"href":"https:\/\/develop.eam-scientific.com\/tr\/wp-json\/wp\/v2\/comments?post=14222"}],"wp:featuredmedia":[{"embeddable":true,"href":"https:\/\/develop.eam-scientific.com\/tr\/wp-json\/wp\/v2\/media\/10668"}],"wp:attachment":[{"href":"https:\/\/develop.eam-scientific.com\/tr\/wp-json\/wp\/v2\/media?parent=14222"}],"wp:term":[{"taxonomy":"product_cat","embeddable":true,"href":"https:\/\/develop.eam-scientific.com\/tr\/wp-json\/wp\/v2\/product_cat?post=14222"},{"taxonomy":"product_tag","embeddable":true,"href":"https:\/\/develop.eam-scientific.com\/tr\/wp-json\/wp\/v2\/product_tag?post=14222"}],"curies":[{"name":"wp","href":"https:\/\/api.w.org\/{rel}","templated":true}]}}