{"id":14239,"date":"2024-06-20T15:24:55","date_gmt":"2024-06-20T13:24:55","guid":{"rendered":"http:\/\/develop.eam-scientific.com\/produkt\/vp-hplc-kolonu-preparatif-nucleodur-c18-gravity-10-%c2%b5m-250x21-mm\/"},"modified":"2024-06-20T15:24:55","modified_gmt":"2024-06-20T13:24:55","slug":"vp-hplc-kolonu-preparatif-nucleodur-c18-gravity-10-%c2%b5m-250x21-mm","status":"publish","type":"product","link":"https:\/\/develop.eam-scientific.com\/tr\/produkt\/vp-hplc-kolonu-preparatif-nucleodur-c18-gravity-10-%c2%b5m-250x21-mm\/","title":{"rendered":"VP HPLC kolonu (preparatif), NUCLEODUR C18 Gravity, 10 \u00b5m, 250&#215;21 mm"},"content":{"rendered":"<p>U\u00e7 kaplamal\u0131 y\u00fcksek safl\u0131kta NUCLEODUR silika jele dayanan bu y\u00fcksek yo\u011funluklu C18 faz\u0131, silika jel y\u00fczeyi ile numune aras\u0131ndaki istenmeyen polar etkile\u015fimleri bast\u0131rarak &#8220;Gravity &#8220;yi \u00f6zellikle bazik ve di\u011fer iyonize olabilen analitlerin ayr\u0131lmas\u0131 i\u00e7in uygun hale getirir. Geli\u015ftirilmi\u015f pH stabilitesi, LC\/MS uygunlu\u011fu ve m\u00fckemmel baz deaktivasyonu (BDS) nedeniyle, metot geli\u015ftirme i\u00e7in en uygun se\u00e7imdir ve RP uygulamalar\u0131 i\u00e7in de\u011ferlidir.<\/p>\n","protected":false},"excerpt":{"rendered":"<p>U\u00e7 kaplamal\u0131 y\u00fcksek safl\u0131kta NUCLEODUR silika jele dayanan bu y\u00fcksek yo\u011funluklu C18 faz\u0131, silika jel y\u00fczeyi ile numune aras\u0131ndaki istenmeyen polar etkile\u015fimleri bast\u0131rarak &#8220;Gravity &#8220;yi \u00f6zellikle bazik ve di\u011fer iyonize olabilen analitlerin ayr\u0131lmas\u0131 i\u00e7in uygun hale getirir. Geli\u015ftirilmi\u015f pH stabilitesi, LC\/MS uygunlu\u011fu ve m\u00fckemmel baz deaktivasyonu (BDS) nedeniyle, metot geli\u015ftirme i\u00e7in en uygun se\u00e7imdir ve [&hellip;]<\/p>\n","protected":false},"featured_media":10650,"comment_status":"open","ping_status":"closed","template":"","meta":[],"product_cat":[121,122,67],"product_tag":[],"class_list":{"0":"post-14239","1":"product","2":"type-product","3":"status-publish","4":"has-post-thumbnail","6":"product_cat-hplc-ve-uhplc","7":"product_cat-hplc-ve-uhplc-kolonlari","8":"product_cat-kromatografi","10":"first","11":"instock","12":"shipping-taxable","13":"product-type-simple"},"_links":{"self":[{"href":"https:\/\/develop.eam-scientific.com\/tr\/wp-json\/wp\/v2\/product\/14239","targetHints":{"allow":["GET"]}}],"collection":[{"href":"https:\/\/develop.eam-scientific.com\/tr\/wp-json\/wp\/v2\/product"}],"about":[{"href":"https:\/\/develop.eam-scientific.com\/tr\/wp-json\/wp\/v2\/types\/product"}],"replies":[{"embeddable":true,"href":"https:\/\/develop.eam-scientific.com\/tr\/wp-json\/wp\/v2\/comments?post=14239"}],"wp:featuredmedia":[{"embeddable":true,"href":"https:\/\/develop.eam-scientific.com\/tr\/wp-json\/wp\/v2\/media\/10650"}],"wp:attachment":[{"href":"https:\/\/develop.eam-scientific.com\/tr\/wp-json\/wp\/v2\/media?parent=14239"}],"wp:term":[{"taxonomy":"product_cat","embeddable":true,"href":"https:\/\/develop.eam-scientific.com\/tr\/wp-json\/wp\/v2\/product_cat?post=14239"},{"taxonomy":"product_tag","embeddable":true,"href":"https:\/\/develop.eam-scientific.com\/tr\/wp-json\/wp\/v2\/product_tag?post=14239"}],"curies":[{"name":"wp","href":"https:\/\/api.w.org\/{rel}","templated":true}]}}