{"id":14255,"date":"2024-06-20T15:24:55","date_gmt":"2024-06-20T13:24:55","guid":{"rendered":"http:\/\/develop.eam-scientific.com\/produkt\/vp-hplc-kolonu-preparatif-nucleodur-100-5-c8-ec-5-%c2%b5m-250x10-mm\/"},"modified":"2024-06-20T15:24:55","modified_gmt":"2024-06-20T13:24:55","slug":"vp-hplc-kolonu-preparatif-nucleodur-100-5-c8-ec-5-%c2%b5m-250x10-mm","status":"publish","type":"product","link":"https:\/\/develop.eam-scientific.com\/tr\/produkt\/vp-hplc-kolonu-preparatif-nucleodur-100-5-c8-ec-5-%c2%b5m-250x10-mm\/","title":{"rendered":"VP HPLC kolonu (preparatif), NUCLEODUR 100-5 C8 ec, 5 \u00b5m, 250&#215;10 mm"},"content":{"rendered":"<p>G\u00fcnl\u00fck rutin analizler ve preparatif HPLC&#8217;ye y\u00fckseltme i\u00e7in standart RP faz\u0131. Oktil modifikasyonu y\u00fcksek safl\u0131kta silika jel NUCLEODUR&#8217;a dayanmaktad\u0131r. C8, C18&#8217;e (oktadesilsilan, ODS) k\u0131yasla hidrofobik bile\u015fikleri daha az tutar.<\/p>\n","protected":false},"excerpt":{"rendered":"<p>G\u00fcnl\u00fck rutin analizler ve preparatif HPLC&#8217;ye y\u00fckseltme i\u00e7in standart RP faz\u0131. Oktil modifikasyonu y\u00fcksek safl\u0131kta silika jel NUCLEODUR&#8217;a dayanmaktad\u0131r. C8, C18&#8217;e (oktadesilsilan, ODS) k\u0131yasla hidrofobik bile\u015fikleri daha az tutar.<\/p>\n","protected":false},"featured_media":17537,"comment_status":"open","ping_status":"closed","template":"","meta":[],"product_cat":[121,122,67],"product_tag":[],"class_list":{"0":"post-14255","1":"product","2":"type-product","3":"status-publish","4":"has-post-thumbnail","6":"product_cat-hplc-ve-uhplc","7":"product_cat-hplc-ve-uhplc-kolonlari","8":"product_cat-kromatografi","10":"first","11":"instock","12":"shipping-taxable","13":"product-type-simple"},"_links":{"self":[{"href":"https:\/\/develop.eam-scientific.com\/tr\/wp-json\/wp\/v2\/product\/14255","targetHints":{"allow":["GET"]}}],"collection":[{"href":"https:\/\/develop.eam-scientific.com\/tr\/wp-json\/wp\/v2\/product"}],"about":[{"href":"https:\/\/develop.eam-scientific.com\/tr\/wp-json\/wp\/v2\/types\/product"}],"replies":[{"embeddable":true,"href":"https:\/\/develop.eam-scientific.com\/tr\/wp-json\/wp\/v2\/comments?post=14255"}],"wp:featuredmedia":[{"embeddable":true,"href":"https:\/\/develop.eam-scientific.com\/tr\/wp-json\/wp\/v2\/media\/17537"}],"wp:attachment":[{"href":"https:\/\/develop.eam-scientific.com\/tr\/wp-json\/wp\/v2\/media?parent=14255"}],"wp:term":[{"taxonomy":"product_cat","embeddable":true,"href":"https:\/\/develop.eam-scientific.com\/tr\/wp-json\/wp\/v2\/product_cat?post=14255"},{"taxonomy":"product_tag","embeddable":true,"href":"https:\/\/develop.eam-scientific.com\/tr\/wp-json\/wp\/v2\/product_tag?post=14255"}],"curies":[{"name":"wp","href":"https:\/\/api.w.org\/{rel}","templated":true}]}}