{"id":14262,"date":"2024-06-20T15:24:55","date_gmt":"2024-06-20T13:24:55","guid":{"rendered":"http:\/\/develop.eam-scientific.com\/produkt\/vp-hplc-kolonu-preparatif-nucleodur-c18-ec-5-%c2%b5m-50x10-mm\/"},"modified":"2024-06-20T15:24:55","modified_gmt":"2024-06-20T13:24:55","slug":"vp-hplc-kolonu-preparatif-nucleodur-c18-ec-5-%c2%b5m-50x10-mm","status":"publish","type":"product","link":"https:\/\/develop.eam-scientific.com\/tr\/produkt\/vp-hplc-kolonu-preparatif-nucleodur-c18-ec-5-%c2%b5m-50x10-mm\/","title":{"rendered":"VP HPLC kolonu (preparatif), NUCLEODUR C18 ec, 5 \u00b5m, 50&#215;10 mm"},"content":{"rendered":"<p>G\u00fcnl\u00fck rutin analizler ve preparatif HPLC&#8217;ye y\u00fckseltme i\u00e7in standart RP faz\u0131 (110 \u00c5). Analitik kolonlarda biyomolek\u00fcllerin ayr\u0131\u015ft\u0131r\u0131lmas\u0131 i\u00e7in geni\u015f g\u00f6zenekli (300 \u00c5) olarak da mevcuttur. Bu oktadesil modifikasyonu y\u00fcksek safl\u0131kta silika jel NUCLEODUR&#8217;a dayanmaktad\u0131r.<\/p>\n","protected":false},"excerpt":{"rendered":"<p>G\u00fcnl\u00fck rutin analizler ve preparatif HPLC&#8217;ye y\u00fckseltme i\u00e7in standart RP faz\u0131 (110 \u00c5). Analitik kolonlarda biyomolek\u00fcllerin ayr\u0131\u015ft\u0131r\u0131lmas\u0131 i\u00e7in geni\u015f g\u00f6zenekli (300 \u00c5) olarak da mevcuttur. Bu oktadesil modifikasyonu y\u00fcksek safl\u0131kta silika jel NUCLEODUR&#8217;a dayanmaktad\u0131r.<\/p>\n","protected":false},"featured_media":17531,"comment_status":"open","ping_status":"closed","template":"","meta":[],"product_cat":[121,122,67],"product_tag":[],"class_list":{"0":"post-14262","1":"product","2":"type-product","3":"status-publish","4":"has-post-thumbnail","6":"product_cat-hplc-ve-uhplc","7":"product_cat-hplc-ve-uhplc-kolonlari","8":"product_cat-kromatografi","10":"first","11":"instock","12":"shipping-taxable","13":"product-type-simple"},"_links":{"self":[{"href":"https:\/\/develop.eam-scientific.com\/tr\/wp-json\/wp\/v2\/product\/14262","targetHints":{"allow":["GET"]}}],"collection":[{"href":"https:\/\/develop.eam-scientific.com\/tr\/wp-json\/wp\/v2\/product"}],"about":[{"href":"https:\/\/develop.eam-scientific.com\/tr\/wp-json\/wp\/v2\/types\/product"}],"replies":[{"embeddable":true,"href":"https:\/\/develop.eam-scientific.com\/tr\/wp-json\/wp\/v2\/comments?post=14262"}],"wp:featuredmedia":[{"embeddable":true,"href":"https:\/\/develop.eam-scientific.com\/tr\/wp-json\/wp\/v2\/media\/17531"}],"wp:attachment":[{"href":"https:\/\/develop.eam-scientific.com\/tr\/wp-json\/wp\/v2\/media?parent=14262"}],"wp:term":[{"taxonomy":"product_cat","embeddable":true,"href":"https:\/\/develop.eam-scientific.com\/tr\/wp-json\/wp\/v2\/product_cat?post=14262"},{"taxonomy":"product_tag","embeddable":true,"href":"https:\/\/develop.eam-scientific.com\/tr\/wp-json\/wp\/v2\/product_tag?post=14262"}],"curies":[{"name":"wp","href":"https:\/\/api.w.org\/{rel}","templated":true}]}}