{"id":14270,"date":"2024-06-20T15:24:35","date_gmt":"2024-06-20T13:24:35","guid":{"rendered":"http:\/\/develop.eam-scientific.com\/produkt\/vp-hplc-kolonu-preparatif-nucleodur-phenyl-hexyl-5-%c2%b5m-250x10-mm\/"},"modified":"2024-06-20T15:24:35","modified_gmt":"2024-06-20T13:24:35","slug":"vp-hplc-kolonu-preparatif-nucleodur-phenyl-hexyl-5-%c2%b5m-250x10-mm","status":"publish","type":"product","link":"https:\/\/develop.eam-scientific.com\/tr\/produkt\/vp-hplc-kolonu-preparatif-nucleodur-phenyl-hexyl-5-%c2%b5m-250x10-mm\/","title":{"rendered":"VP HPLC kolonu (preparatif), NUCLEODUR Phenyl-Hexyl, 5 \u00b5m, 250&#215;10 mm"},"content":{"rendered":"<p>Bu hidrofobik faz y\u00fcksek safl\u0131kta NUCLEODUR silika jel bazl\u0131d\u0131r ve fenilheksil ile modifiye edilmi\u015ftir. Bu RP faz\u0131, klasik C18 modifikasyonuna k\u0131yasla alternatif bir se\u00e7icilik sunar. Ay\u0131rma prensibi iki tutma mekanizmas\u0131na dayan\u0131r &#8211; \u03c0-\u03c0 ve hidrofobik etkile\u015fimler. D\u00fc\u015f\u00fck kanama \u00f6zellikleri nedeniyle bu HPLC faz\u0131 LC\/MS i\u00e7in uygundur.<\/p>\n","protected":false},"excerpt":{"rendered":"<p>Bu hidrofobik faz y\u00fcksek safl\u0131kta NUCLEODUR silika jel bazl\u0131d\u0131r ve fenilheksil ile modifiye edilmi\u015ftir. Bu RP faz\u0131, klasik C18 modifikasyonuna k\u0131yasla alternatif bir se\u00e7icilik sunar. Ay\u0131rma prensibi iki tutma mekanizmas\u0131na dayan\u0131r &#8211; \u03c0-\u03c0 ve hidrofobik etkile\u015fimler. D\u00fc\u015f\u00fck kanama \u00f6zellikleri nedeniyle bu HPLC faz\u0131 LC\/MS i\u00e7in uygundur.<\/p>\n","protected":false},"featured_media":17558,"comment_status":"open","ping_status":"closed","template":"","meta":[],"product_cat":[121,122,67],"product_tag":[],"class_list":{"0":"post-14270","1":"product","2":"type-product","3":"status-publish","4":"has-post-thumbnail","6":"product_cat-hplc-ve-uhplc","7":"product_cat-hplc-ve-uhplc-kolonlari","8":"product_cat-kromatografi","10":"first","11":"instock","12":"shipping-taxable","13":"product-type-simple"},"_links":{"self":[{"href":"https:\/\/develop.eam-scientific.com\/tr\/wp-json\/wp\/v2\/product\/14270","targetHints":{"allow":["GET"]}}],"collection":[{"href":"https:\/\/develop.eam-scientific.com\/tr\/wp-json\/wp\/v2\/product"}],"about":[{"href":"https:\/\/develop.eam-scientific.com\/tr\/wp-json\/wp\/v2\/types\/product"}],"replies":[{"embeddable":true,"href":"https:\/\/develop.eam-scientific.com\/tr\/wp-json\/wp\/v2\/comments?post=14270"}],"wp:featuredmedia":[{"embeddable":true,"href":"https:\/\/develop.eam-scientific.com\/tr\/wp-json\/wp\/v2\/media\/17558"}],"wp:attachment":[{"href":"https:\/\/develop.eam-scientific.com\/tr\/wp-json\/wp\/v2\/media?parent=14270"}],"wp:term":[{"taxonomy":"product_cat","embeddable":true,"href":"https:\/\/develop.eam-scientific.com\/tr\/wp-json\/wp\/v2\/product_cat?post=14270"},{"taxonomy":"product_tag","embeddable":true,"href":"https:\/\/develop.eam-scientific.com\/tr\/wp-json\/wp\/v2\/product_tag?post=14270"}],"curies":[{"name":"wp","href":"https:\/\/api.w.org\/{rel}","templated":true}]}}