{"id":14276,"date":"2024-06-20T15:24:35","date_gmt":"2024-06-20T13:24:35","guid":{"rendered":"http:\/\/develop.eam-scientific.com\/produkt\/vp-hplc-kolonu-preparatif-nucleodur-pfp-5-%c2%b5m-250x10-mm\/"},"modified":"2024-06-20T15:24:35","modified_gmt":"2024-06-20T13:24:35","slug":"vp-hplc-kolonu-preparatif-nucleodur-pfp-5-%c2%b5m-250x10-mm","status":"publish","type":"product","link":"https:\/\/develop.eam-scientific.com\/tr\/produkt\/vp-hplc-kolonu-preparatif-nucleodur-pfp-5-%c2%b5m-250x10-mm\/","title":{"rendered":"VP HPLC kolonu (preparatif), NUCLEODUR PFP, 5 \u00b5m, 250&#215;10 mm"},"content":{"rendered":"<p>Pentaflorofenil-propil modifikasyonlu bu hidrofobik faz, y\u00fcksek safl\u0131kta NUCLEODUR silika jele dayan\u0131r ve klasik C18 modifikasyonuna k\u0131yasla alternatif bir se\u00e7icilik sunar. Ay\u0131rma mekanizmas\u0131 d\u00f6rt tutma mekanizmas\u0131na dayan\u0131r &#8211; polar etkile\u015fimler (H-ba\u011flar\u0131), dipol-dipol etkile\u015fimleri, \u03c0-\u03c0 etkile\u015fimleri ve hidrofobik etkile\u015fimler. LC\/MS i\u00e7in uygundur.  <\/p>\n","protected":false},"excerpt":{"rendered":"<p>Pentaflorofenil-propil modifikasyonlu bu hidrofobik faz, y\u00fcksek safl\u0131kta NUCLEODUR silika jele dayan\u0131r ve klasik C18 modifikasyonuna k\u0131yasla alternatif bir se\u00e7icilik sunar. Ay\u0131rma mekanizmas\u0131 d\u00f6rt tutma mekanizmas\u0131na dayan\u0131r &#8211; polar etkile\u015fimler (H-ba\u011flar\u0131), dipol-dipol etkile\u015fimleri, \u03c0-\u03c0 etkile\u015fimleri ve hidrofobik etkile\u015fimler. LC\/MS i\u00e7in uygundur.<\/p>\n","protected":false},"featured_media":17552,"comment_status":"open","ping_status":"closed","template":"","meta":[],"product_cat":[121,122,67],"product_tag":[],"class_list":{"0":"post-14276","1":"product","2":"type-product","3":"status-publish","4":"has-post-thumbnail","6":"product_cat-hplc-ve-uhplc","7":"product_cat-hplc-ve-uhplc-kolonlari","8":"product_cat-kromatografi","10":"first","11":"instock","12":"shipping-taxable","13":"product-type-simple"},"_links":{"self":[{"href":"https:\/\/develop.eam-scientific.com\/tr\/wp-json\/wp\/v2\/product\/14276","targetHints":{"allow":["GET"]}}],"collection":[{"href":"https:\/\/develop.eam-scientific.com\/tr\/wp-json\/wp\/v2\/product"}],"about":[{"href":"https:\/\/develop.eam-scientific.com\/tr\/wp-json\/wp\/v2\/types\/product"}],"replies":[{"embeddable":true,"href":"https:\/\/develop.eam-scientific.com\/tr\/wp-json\/wp\/v2\/comments?post=14276"}],"wp:featuredmedia":[{"embeddable":true,"href":"https:\/\/develop.eam-scientific.com\/tr\/wp-json\/wp\/v2\/media\/17552"}],"wp:attachment":[{"href":"https:\/\/develop.eam-scientific.com\/tr\/wp-json\/wp\/v2\/media?parent=14276"}],"wp:term":[{"taxonomy":"product_cat","embeddable":true,"href":"https:\/\/develop.eam-scientific.com\/tr\/wp-json\/wp\/v2\/product_cat?post=14276"},{"taxonomy":"product_tag","embeddable":true,"href":"https:\/\/develop.eam-scientific.com\/tr\/wp-json\/wp\/v2\/product_tag?post=14276"}],"curies":[{"name":"wp","href":"https:\/\/api.w.org\/{rel}","templated":true}]}}