{"id":14290,"date":"2024-06-20T15:24:35","date_gmt":"2024-06-20T13:24:35","guid":{"rendered":"http:\/\/develop.eam-scientific.com\/produkt\/vp-hplc-kolonu-preparatif-nucleodur-polartec-5-%c2%b5m-50x10-mm\/"},"modified":"2024-06-20T15:24:35","modified_gmt":"2024-06-20T13:24:35","slug":"vp-hplc-kolonu-preparatif-nucleodur-polartec-5-%c2%b5m-50x10-mm","status":"publish","type":"product","link":"https:\/\/develop.eam-scientific.com\/tr\/produkt\/vp-hplc-kolonu-preparatif-nucleodur-polartec-5-%c2%b5m-50x10-mm\/","title":{"rendered":"VP HPLC kolonu (preparatif), NUCLEODUR PolarTec, 5 \u00b5m, 50&#215;10 mm"},"content":{"rendered":"<p>Y\u00fcksek safl\u0131kta silika jel NUCLEODUR temel al\u0131narak, polar bir grup hidrofobik bir C18 modifikasyonuna g\u00f6m\u00fclm\u00fc\u015ft\u00fcr. Sonu\u00e7 olarak, bu HPLC faz\u0131 sterik ve artan polar se\u00e7icilik g\u00f6sterir. Bu HPLC faz\u0131 y\u00fcksek sulu ko\u015fullar alt\u0131nda iyi performans g\u00f6sterir. Belirgin hidrofilik \u00f6zelliklere sahip hidrofobik bir fazd\u0131r. Hidrofobik (van der Waals) ve polar etkile\u015fimlere dayal\u0131 ay\u0131rma mekanizmas\u0131. LC\/MS i\u00e7in uygundur.<\/p>\n","protected":false},"excerpt":{"rendered":"<p>Y\u00fcksek safl\u0131kta silika jel NUCLEODUR temel al\u0131narak, polar bir grup hidrofobik bir C18 modifikasyonuna g\u00f6m\u00fclm\u00fc\u015ft\u00fcr. Sonu\u00e7 olarak, bu HPLC faz\u0131 sterik ve artan polar se\u00e7icilik g\u00f6sterir. Bu HPLC faz\u0131 y\u00fcksek sulu ko\u015fullar alt\u0131nda iyi performans g\u00f6sterir. Belirgin hidrofilik \u00f6zelliklere sahip hidrofobik bir fazd\u0131r. Hidrofobik (van der Waals) ve polar etkile\u015fimlere dayal\u0131 ay\u0131rma mekanizmas\u0131. LC\/MS i\u00e7in [&hellip;]<\/p>\n","protected":false},"featured_media":10604,"comment_status":"open","ping_status":"closed","template":"","meta":[],"product_cat":[121,122,67],"product_tag":[],"class_list":{"0":"post-14290","1":"product","2":"type-product","3":"status-publish","4":"has-post-thumbnail","6":"product_cat-hplc-ve-uhplc","7":"product_cat-hplc-ve-uhplc-kolonlari","8":"product_cat-kromatografi","10":"first","11":"instock","12":"shipping-taxable","13":"product-type-simple"},"_links":{"self":[{"href":"https:\/\/develop.eam-scientific.com\/tr\/wp-json\/wp\/v2\/product\/14290","targetHints":{"allow":["GET"]}}],"collection":[{"href":"https:\/\/develop.eam-scientific.com\/tr\/wp-json\/wp\/v2\/product"}],"about":[{"href":"https:\/\/develop.eam-scientific.com\/tr\/wp-json\/wp\/v2\/types\/product"}],"replies":[{"embeddable":true,"href":"https:\/\/develop.eam-scientific.com\/tr\/wp-json\/wp\/v2\/comments?post=14290"}],"wp:featuredmedia":[{"embeddable":true,"href":"https:\/\/develop.eam-scientific.com\/tr\/wp-json\/wp\/v2\/media\/10604"}],"wp:attachment":[{"href":"https:\/\/develop.eam-scientific.com\/tr\/wp-json\/wp\/v2\/media?parent=14290"}],"wp:term":[{"taxonomy":"product_cat","embeddable":true,"href":"https:\/\/develop.eam-scientific.com\/tr\/wp-json\/wp\/v2\/product_cat?post=14290"},{"taxonomy":"product_tag","embeddable":true,"href":"https:\/\/develop.eam-scientific.com\/tr\/wp-json\/wp\/v2\/product_tag?post=14290"}],"curies":[{"name":"wp","href":"https:\/\/api.w.org\/{rel}","templated":true}]}}