{"id":14311,"date":"2024-06-20T15:24:35","date_gmt":"2024-06-20T13:24:35","guid":{"rendered":"http:\/\/develop.eam-scientific.com\/produkt\/vp-hplc-kolonu-preparatif-nucleodur-c18-htec-5-%c2%b5m-250x10-mm\/"},"modified":"2024-06-20T15:24:35","modified_gmt":"2024-06-20T13:24:35","slug":"vp-hplc-kolonu-preparatif-nucleodur-c18-htec-5-%c2%b5m-250x10-mm","status":"publish","type":"product","link":"https:\/\/develop.eam-scientific.com\/tr\/produkt\/vp-hplc-kolonu-preparatif-nucleodur-c18-htec-5-%c2%b5m-250x10-mm\/","title":{"rendered":"VP HPLC kolonu (preparatif), NUCLEODUR C18 HTec, 5 \u00b5m, 250&#215;10 mm"},"content":{"rendered":"<p>Y\u00fcksek y\u00fckleme kapasiteleri ve m\u00fckemmel stabilite gibi di\u011fer \u00f6zellikleri nedeniyle, y\u00fcksek safl\u0131kta NUCLEODUR C18 HTec silika jele sahip bu HPLC kolonlar\u0131, preparatif \u00f6l\u00e7e\u011fe y\u00fckseltme i\u00e7in ilk tercihtir.<\/p>\n","protected":false},"excerpt":{"rendered":"<p>Y\u00fcksek y\u00fckleme kapasiteleri ve m\u00fckemmel stabilite gibi di\u011fer \u00f6zellikleri nedeniyle, y\u00fcksek safl\u0131kta NUCLEODUR C18 HTec silika jele sahip bu HPLC kolonlar\u0131, preparatif \u00f6l\u00e7e\u011fe y\u00fckseltme i\u00e7in ilk tercihtir.<\/p>\n","protected":false},"featured_media":17606,"comment_status":"open","ping_status":"closed","template":"","meta":[],"product_cat":[121,122,67],"product_tag":[],"class_list":{"0":"post-14311","1":"product","2":"type-product","3":"status-publish","4":"has-post-thumbnail","6":"product_cat-hplc-ve-uhplc","7":"product_cat-hplc-ve-uhplc-kolonlari","8":"product_cat-kromatografi","10":"first","11":"instock","12":"shipping-taxable","13":"product-type-simple"},"_links":{"self":[{"href":"https:\/\/develop.eam-scientific.com\/tr\/wp-json\/wp\/v2\/product\/14311","targetHints":{"allow":["GET"]}}],"collection":[{"href":"https:\/\/develop.eam-scientific.com\/tr\/wp-json\/wp\/v2\/product"}],"about":[{"href":"https:\/\/develop.eam-scientific.com\/tr\/wp-json\/wp\/v2\/types\/product"}],"replies":[{"embeddable":true,"href":"https:\/\/develop.eam-scientific.com\/tr\/wp-json\/wp\/v2\/comments?post=14311"}],"wp:featuredmedia":[{"embeddable":true,"href":"https:\/\/develop.eam-scientific.com\/tr\/wp-json\/wp\/v2\/media\/17606"}],"wp:attachment":[{"href":"https:\/\/develop.eam-scientific.com\/tr\/wp-json\/wp\/v2\/media?parent=14311"}],"wp:term":[{"taxonomy":"product_cat","embeddable":true,"href":"https:\/\/develop.eam-scientific.com\/tr\/wp-json\/wp\/v2\/product_cat?post=14311"},{"taxonomy":"product_tag","embeddable":true,"href":"https:\/\/develop.eam-scientific.com\/tr\/wp-json\/wp\/v2\/product_tag?post=14311"}],"curies":[{"name":"wp","href":"https:\/\/api.w.org\/{rel}","templated":true}]}}