{"id":14312,"date":"2024-06-20T15:24:13","date_gmt":"2024-06-20T13:24:13","guid":{"rendered":"http:\/\/develop.eam-scientific.com\/produkt\/vp-hplc-oen-kolonu-preparatif-nucleodur-sphinx-rp-10x16-mm\/"},"modified":"2024-06-20T15:24:13","modified_gmt":"2024-06-20T13:24:13","slug":"vp-hplc-oen-kolonu-preparatif-nucleodur-sphinx-rp-10x16-mm","status":"publish","type":"product","link":"https:\/\/develop.eam-scientific.com\/tr\/produkt\/vp-hplc-oen-kolonu-preparatif-nucleodur-sphinx-rp-10x16-mm\/","title":{"rendered":"VP HPLC \u00f6n kolonu (preparatif), NUCLEODUR Sphinx RP, 10&#215;16 mm"},"content":{"rendered":"<p>HPLC ana kolonunuzu kontaminasyondan korumak i\u00e7in \u00f6n kolonlar\u0131n kullan\u0131lmas\u0131 \u00f6nerilir. Bu k\u0131sa s\u00fctunlar bir \u00f6n s\u00fctun tutucuya yerle\u015ftirilir. \u00d6n kolon tutucu, yerle\u015ftirilmi\u015f bir \u00f6n kolon ile birlikte enjekt\u00f6r ve HPLC kolonu aras\u0131na monte edilir. Bu kurulum kimyasal kirliliklerin ana kolona girmesini \u00f6nler. Bunun nedeni, kontaminasyonun kolon paketleme malzemesi (sabit faz) ile geri d\u00f6n\u00fc\u015f\u00fc olmayan bir ba\u011f olu\u015fturabilmesi ve bu durumun ana kolonun hizmet \u00f6mr\u00fcn\u00fcn k\u0131salmas\u0131na yol a\u00e7abilmesidir. Ana dire\u011finizin hizmet \u00f6mr\u00fcn\u00fc uzatmak istiyorsan\u0131z, bu \u00f6n direkler size yard\u0131mc\u0131 olabilir.<\/p>\n","protected":false},"excerpt":{"rendered":"<p>HPLC ana kolonunuzu kontaminasyondan korumak i\u00e7in \u00f6n kolonlar\u0131n kullan\u0131lmas\u0131 \u00f6nerilir. Bu k\u0131sa s\u00fctunlar bir \u00f6n s\u00fctun tutucuya yerle\u015ftirilir. \u00d6n kolon tutucu, yerle\u015ftirilmi\u015f bir \u00f6n kolon ile birlikte enjekt\u00f6r ve HPLC kolonu aras\u0131na monte edilir. Bu kurulum kimyasal kirliliklerin ana kolona girmesini \u00f6nler. Bunun nedeni, kontaminasyonun kolon paketleme malzemesi (sabit faz) ile geri d\u00f6n\u00fc\u015f\u00fc olmayan bir [&hellip;]<\/p>\n","protected":false},"featured_media":17516,"comment_status":"open","ping_status":"closed","template":"","meta":[],"product_cat":[121,122,67],"product_tag":[],"class_list":{"0":"post-14312","1":"product","2":"type-product","3":"status-publish","4":"has-post-thumbnail","6":"product_cat-hplc-ve-uhplc","7":"product_cat-hplc-ve-uhplc-kolonlari","8":"product_cat-kromatografi","10":"first","11":"instock","12":"shipping-taxable","13":"product-type-simple"},"_links":{"self":[{"href":"https:\/\/develop.eam-scientific.com\/tr\/wp-json\/wp\/v2\/product\/14312","targetHints":{"allow":["GET"]}}],"collection":[{"href":"https:\/\/develop.eam-scientific.com\/tr\/wp-json\/wp\/v2\/product"}],"about":[{"href":"https:\/\/develop.eam-scientific.com\/tr\/wp-json\/wp\/v2\/types\/product"}],"replies":[{"embeddable":true,"href":"https:\/\/develop.eam-scientific.com\/tr\/wp-json\/wp\/v2\/comments?post=14312"}],"wp:featuredmedia":[{"embeddable":true,"href":"https:\/\/develop.eam-scientific.com\/tr\/wp-json\/wp\/v2\/media\/17516"}],"wp:attachment":[{"href":"https:\/\/develop.eam-scientific.com\/tr\/wp-json\/wp\/v2\/media?parent=14312"}],"wp:term":[{"taxonomy":"product_cat","embeddable":true,"href":"https:\/\/develop.eam-scientific.com\/tr\/wp-json\/wp\/v2\/product_cat?post=14312"},{"taxonomy":"product_tag","embeddable":true,"href":"https:\/\/develop.eam-scientific.com\/tr\/wp-json\/wp\/v2\/product_tag?post=14312"}],"curies":[{"name":"wp","href":"https:\/\/api.w.org\/{rel}","templated":true}]}}