{"id":14321,"date":"2024-06-20T15:24:13","date_gmt":"2024-06-20T13:24:13","guid":{"rendered":"http:\/\/develop.eam-scientific.com\/produkt\/vp-hplc-kolonu-preparatif-nucleodur-sphinx-rp-5-%c2%b5m-250x10-mm\/"},"modified":"2024-06-20T15:24:13","modified_gmt":"2024-06-20T13:24:13","slug":"vp-hplc-kolonu-preparatif-nucleodur-sphinx-rp-5-%c2%b5m-250x10-mm","status":"publish","type":"product","link":"https:\/\/develop.eam-scientific.com\/tr\/produkt\/vp-hplc-kolonu-preparatif-nucleodur-sphinx-rp-5-%c2%b5m-250x10-mm\/","title":{"rendered":"VP HPLC kolonu (preparatif), NUCLEODUR Sphinx RP, 5 \u00b5m, 250&#215;10 mm"},"content":{"rendered":"<p>Efsanevi yarat\u0131k &#8220;Sfenks&#8221; bir aslan g\u00f6vdesine ve genellikle bir insan kafas\u0131na sahiptir. Y\u00fcksek safl\u0131kta NUCLEODUR silika jel, dengeli oranda propilfenil ve C18 ligandlar\u0131 ile modifiye edilmi\u015ftir. Bu iki i\u015flevli RP faz\u0131 benzersiz bir se\u00e7icilik sergiler ve hidrofobik ve ek \u03c0-\u03c0 etkile\u015fimlerine dayal\u0131 y\u00f6ntem geli\u015ftirme kapsam\u0131n\u0131 geni\u015fletir.<\/p>\n","protected":false},"excerpt":{"rendered":"<p>Efsanevi yarat\u0131k &#8220;Sfenks&#8221; bir aslan g\u00f6vdesine ve genellikle bir insan kafas\u0131na sahiptir. Y\u00fcksek safl\u0131kta NUCLEODUR silika jel, dengeli oranda propilfenil ve C18 ligandlar\u0131 ile modifiye edilmi\u015ftir. Bu iki i\u015flevli RP faz\u0131 benzersiz bir se\u00e7icilik sergiler ve hidrofobik ve ek \u03c0-\u03c0 etkile\u015fimlerine dayal\u0131 y\u00f6ntem geli\u015ftirme kapsam\u0131n\u0131 geni\u015fletir.<\/p>\n","protected":false},"featured_media":17573,"comment_status":"open","ping_status":"closed","template":"","meta":[],"product_cat":[121,122,67],"product_tag":[],"class_list":{"0":"post-14321","1":"product","2":"type-product","3":"status-publish","4":"has-post-thumbnail","6":"product_cat-hplc-ve-uhplc","7":"product_cat-hplc-ve-uhplc-kolonlari","8":"product_cat-kromatografi","10":"first","11":"instock","12":"shipping-taxable","13":"product-type-simple"},"_links":{"self":[{"href":"https:\/\/develop.eam-scientific.com\/tr\/wp-json\/wp\/v2\/product\/14321","targetHints":{"allow":["GET"]}}],"collection":[{"href":"https:\/\/develop.eam-scientific.com\/tr\/wp-json\/wp\/v2\/product"}],"about":[{"href":"https:\/\/develop.eam-scientific.com\/tr\/wp-json\/wp\/v2\/types\/product"}],"replies":[{"embeddable":true,"href":"https:\/\/develop.eam-scientific.com\/tr\/wp-json\/wp\/v2\/comments?post=14321"}],"wp:featuredmedia":[{"embeddable":true,"href":"https:\/\/develop.eam-scientific.com\/tr\/wp-json\/wp\/v2\/media\/17573"}],"wp:attachment":[{"href":"https:\/\/develop.eam-scientific.com\/tr\/wp-json\/wp\/v2\/media?parent=14321"}],"wp:term":[{"taxonomy":"product_cat","embeddable":true,"href":"https:\/\/develop.eam-scientific.com\/tr\/wp-json\/wp\/v2\/product_cat?post=14321"},{"taxonomy":"product_tag","embeddable":true,"href":"https:\/\/develop.eam-scientific.com\/tr\/wp-json\/wp\/v2\/product_tag?post=14321"}],"curies":[{"name":"wp","href":"https:\/\/api.w.org\/{rel}","templated":true}]}}