{"id":14331,"date":"2024-06-20T15:24:13","date_gmt":"2024-06-20T13:24:13","guid":{"rendered":"http:\/\/develop.eam-scientific.com\/produkt\/vp-hplc-kolonu-preparatif-nucleodur-c18-pyramid-5-%c2%b5m-50x10-mm\/"},"modified":"2024-06-20T15:24:13","modified_gmt":"2024-06-20T13:24:13","slug":"vp-hplc-kolonu-preparatif-nucleodur-c18-pyramid-5-%c2%b5m-50x10-mm","status":"publish","type":"product","link":"https:\/\/develop.eam-scientific.com\/tr\/produkt\/vp-hplc-kolonu-preparatif-nucleodur-c18-pyramid-5-%c2%b5m-50x10-mm\/","title":{"rendered":"VP HPLC kolonu (preparatif), NUCLEODUR C18 Pyramid, 5 \u00b5m, 50&#215;10 mm"},"content":{"rendered":"<p>M\u0131s\u0131r piramitleri, ta\u015f bloklar\u0131n suyla ta\u015f\u0131nabilmesi i\u00e7in Nil Nehri&#8217;nin yak\u0131n\u0131na in\u015fa edilmi\u015ftir. NUCLEODUR C18 piramidinin sabit faz\u0131 y\u00fcksek safl\u0131kta silika jel bazl\u0131d\u0131r ve polar u\u00e7 kaplamal\u0131 bir oktadesil modifikasyonu ile modifiye edilmi\u015ftir. Polar u\u00e7 kaplamas\u0131 nedeniyle, bu C18 faz\u0131 sulu eluentler i\u00e7in uygundur ve &#8220;aqua kolon&#8221; olarak da bilinir.<\/p>\n","protected":false},"excerpt":{"rendered":"<p>M\u0131s\u0131r piramitleri, ta\u015f bloklar\u0131n suyla ta\u015f\u0131nabilmesi i\u00e7in Nil Nehri&#8217;nin yak\u0131n\u0131na in\u015fa edilmi\u015ftir. NUCLEODUR C18 piramidinin sabit faz\u0131 y\u00fcksek safl\u0131kta silika jel bazl\u0131d\u0131r ve polar u\u00e7 kaplamal\u0131 bir oktadesil modifikasyonu ile modifiye edilmi\u015ftir. Polar u\u00e7 kaplamas\u0131 nedeniyle, bu C18 faz\u0131 sulu eluentler i\u00e7in uygundur ve &#8220;aqua kolon&#8221; olarak da bilinir.<\/p>\n","protected":false},"featured_media":10564,"comment_status":"open","ping_status":"closed","template":"","meta":[],"product_cat":[121,122,67],"product_tag":[],"class_list":{"0":"post-14331","1":"product","2":"type-product","3":"status-publish","4":"has-post-thumbnail","6":"product_cat-hplc-ve-uhplc","7":"product_cat-hplc-ve-uhplc-kolonlari","8":"product_cat-kromatografi","10":"first","11":"instock","12":"shipping-taxable","13":"product-type-simple"},"_links":{"self":[{"href":"https:\/\/develop.eam-scientific.com\/tr\/wp-json\/wp\/v2\/product\/14331","targetHints":{"allow":["GET"]}}],"collection":[{"href":"https:\/\/develop.eam-scientific.com\/tr\/wp-json\/wp\/v2\/product"}],"about":[{"href":"https:\/\/develop.eam-scientific.com\/tr\/wp-json\/wp\/v2\/types\/product"}],"replies":[{"embeddable":true,"href":"https:\/\/develop.eam-scientific.com\/tr\/wp-json\/wp\/v2\/comments?post=14331"}],"wp:featuredmedia":[{"embeddable":true,"href":"https:\/\/develop.eam-scientific.com\/tr\/wp-json\/wp\/v2\/media\/10564"}],"wp:attachment":[{"href":"https:\/\/develop.eam-scientific.com\/tr\/wp-json\/wp\/v2\/media?parent=14331"}],"wp:term":[{"taxonomy":"product_cat","embeddable":true,"href":"https:\/\/develop.eam-scientific.com\/tr\/wp-json\/wp\/v2\/product_cat?post=14331"},{"taxonomy":"product_tag","embeddable":true,"href":"https:\/\/develop.eam-scientific.com\/tr\/wp-json\/wp\/v2\/product_tag?post=14331"}],"curies":[{"name":"wp","href":"https:\/\/api.w.org\/{rel}","templated":true}]}}