{"id":14346,"date":"2024-06-20T15:24:12","date_gmt":"2024-06-20T13:24:12","guid":{"rendered":"http:\/\/develop.eam-scientific.com\/produkt\/vp-hplc-kolonu-preparatif-nucleodur-c18-gravity-sb-5-%c2%b5m-250x10-mm\/"},"modified":"2024-06-20T15:24:12","modified_gmt":"2024-06-20T13:24:12","slug":"vp-hplc-kolonu-preparatif-nucleodur-c18-gravity-sb-5-%c2%b5m-250x10-mm","status":"publish","type":"product","link":"https:\/\/develop.eam-scientific.com\/tr\/produkt\/vp-hplc-kolonu-preparatif-nucleodur-c18-gravity-sb-5-%c2%b5m-250x10-mm\/","title":{"rendered":"VP HPLC kolonu (preparatif), NUCLEODUR C18 Gravity-SB, 5 \u00b5m, 250&#215;10 mm"},"content":{"rendered":"<p>Erken el\u00fce olan maddelerin daha iyi tutulmas\u0131 i\u00e7in belirgin polar se\u00e7icili\u011fe sahip hidrofobik C18 faz\u0131. Bu UHPLC faz\u0131 y\u00fcksek safl\u0131kta NUCLEODUR silika jelden olu\u015fur ve y\u00fcksek sulu ko\u015fullar alt\u0131nda m\u00fckemmel performans g\u00f6sterir. D\u00fc\u015f\u00fck kan i\u00e7eri\u011fi nedeniyle bu kolonlar LC\/MS i\u00e7in uygundur. Bu sabit faz, \u00f6zellikle polar bile\u015fikler i\u00e7in zorlu analitik ay\u0131rmalarda kullan\u0131l\u0131r.<\/p>\n","protected":false},"excerpt":{"rendered":"<p>Erken el\u00fce olan maddelerin daha iyi tutulmas\u0131 i\u00e7in belirgin polar se\u00e7icili\u011fe sahip hidrofobik C18 faz\u0131. Bu UHPLC faz\u0131 y\u00fcksek safl\u0131kta NUCLEODUR silika jelden olu\u015fur ve y\u00fcksek sulu ko\u015fullar alt\u0131nda m\u00fckemmel performans g\u00f6sterir. D\u00fc\u015f\u00fck kan i\u00e7eri\u011fi nedeniyle bu kolonlar LC\/MS i\u00e7in uygundur. Bu sabit faz, \u00f6zellikle polar bile\u015fikler i\u00e7in zorlu analitik ay\u0131rmalarda kullan\u0131l\u0131r.<\/p>\n","protected":false},"featured_media":17570,"comment_status":"open","ping_status":"closed","template":"","meta":[],"product_cat":[121,122,67],"product_tag":[],"class_list":{"0":"post-14346","1":"product","2":"type-product","3":"status-publish","4":"has-post-thumbnail","6":"product_cat-hplc-ve-uhplc","7":"product_cat-hplc-ve-uhplc-kolonlari","8":"product_cat-kromatografi","10":"first","11":"instock","12":"shipping-taxable","13":"product-type-simple"},"_links":{"self":[{"href":"https:\/\/develop.eam-scientific.com\/tr\/wp-json\/wp\/v2\/product\/14346","targetHints":{"allow":["GET"]}}],"collection":[{"href":"https:\/\/develop.eam-scientific.com\/tr\/wp-json\/wp\/v2\/product"}],"about":[{"href":"https:\/\/develop.eam-scientific.com\/tr\/wp-json\/wp\/v2\/types\/product"}],"replies":[{"embeddable":true,"href":"https:\/\/develop.eam-scientific.com\/tr\/wp-json\/wp\/v2\/comments?post=14346"}],"wp:featuredmedia":[{"embeddable":true,"href":"https:\/\/develop.eam-scientific.com\/tr\/wp-json\/wp\/v2\/media\/17570"}],"wp:attachment":[{"href":"https:\/\/develop.eam-scientific.com\/tr\/wp-json\/wp\/v2\/media?parent=14346"}],"wp:term":[{"taxonomy":"product_cat","embeddable":true,"href":"https:\/\/develop.eam-scientific.com\/tr\/wp-json\/wp\/v2\/product_cat?post=14346"},{"taxonomy":"product_tag","embeddable":true,"href":"https:\/\/develop.eam-scientific.com\/tr\/wp-json\/wp\/v2\/product_tag?post=14346"}],"curies":[{"name":"wp","href":"https:\/\/api.w.org\/{rel}","templated":true}]}}