{"id":14366,"date":"2024-06-20T15:24:12","date_gmt":"2024-06-20T13:24:12","guid":{"rendered":"http:\/\/develop.eam-scientific.com\/produkt\/ec-hplc-kolonu-analitik-nucleosil-100-5-c18-mpn-5-%c2%b5m-250x4-mm\/"},"modified":"2024-06-20T15:24:12","modified_gmt":"2024-06-20T13:24:12","slug":"ec-hplc-kolonu-analitik-nucleosil-100-5-c18-mpn-5-%c2%b5m-250x4-mm","status":"publish","type":"product","link":"https:\/\/develop.eam-scientific.com\/tr\/produkt\/ec-hplc-kolonu-analitik-nucleosil-100-5-c18-mpn-5-%c2%b5m-250x4-mm\/","title":{"rendered":"EC HPLC kolonu (analitik), NUCLEOSIL 100-5 C18 MPN, 5 \u00b5m, 250&#215;4 mm"},"content":{"rendered":"<p>Monomer ba\u011fl\u0131 alkil zincirlerine sahip \u00f6zel C18 (ODS) RP faz\u0131, &#8220;f\u0131r\u00e7a tipi&#8221; yap\u0131. Orijinal NUCLEOSIL silika jele dayanmaktad\u0131r. Bu, HPLC i\u00e7in ilk k\u00fcresel silika jellerden biridir ve 1974 y\u0131l\u0131nda MACHEREY-NAGEL taraf\u0131ndan geli\u015ftirilmi\u015ftir. Sadece Almanya&#8217;da \u00fcretilmektedir ve halen d\u00fcnya \u00e7ap\u0131nda kalite kontrolde en s\u0131k kullan\u0131lan HPLC silika jellerinden biridir. A\u011f\u0131rl\u0131kl\u0131 olarak hidrofobik etkile\u015fimler ile az oranda hidrofilik etkile\u015fimler. G paket ba\u015f\u0131na dinamik protein ba\u011flama kapasitesi &#8211; 6 mg BSA, 110 mg sitokrom C. Enjekte edilen protein k\u00fctlesi maksimum protein y\u00fckleme kapasitesinin %1-2&#8217;sini a\u015fmazsa maksimum ay\u0131rma verimlili\u011fi elde edilebilir.<\/p>\n","protected":false},"excerpt":{"rendered":"<p>Monomer ba\u011fl\u0131 alkil zincirlerine sahip \u00f6zel C18 (ODS) RP faz\u0131, &#8220;f\u0131r\u00e7a tipi&#8221; yap\u0131. Orijinal NUCLEOSIL silika jele dayanmaktad\u0131r. Bu, HPLC i\u00e7in ilk k\u00fcresel silika jellerden biridir ve 1974 y\u0131l\u0131nda MACHEREY-NAGEL taraf\u0131ndan geli\u015ftirilmi\u015ftir. Sadece Almanya&#8217;da \u00fcretilmektedir ve halen d\u00fcnya \u00e7ap\u0131nda kalite kontrolde en s\u0131k kullan\u0131lan HPLC silika jellerinden biridir. A\u011f\u0131rl\u0131kl\u0131 olarak hidrofobik etkile\u015fimler ile az oranda [&hellip;]<\/p>\n","protected":false},"featured_media":10526,"comment_status":"open","ping_status":"closed","template":"","meta":[],"product_cat":[121,122,67],"product_tag":[],"class_list":{"0":"post-14366","1":"product","2":"type-product","3":"status-publish","4":"has-post-thumbnail","6":"product_cat-hplc-ve-uhplc","7":"product_cat-hplc-ve-uhplc-kolonlari","8":"product_cat-kromatografi","10":"first","11":"instock","12":"shipping-taxable","13":"product-type-simple"},"_links":{"self":[{"href":"https:\/\/develop.eam-scientific.com\/tr\/wp-json\/wp\/v2\/product\/14366","targetHints":{"allow":["GET"]}}],"collection":[{"href":"https:\/\/develop.eam-scientific.com\/tr\/wp-json\/wp\/v2\/product"}],"about":[{"href":"https:\/\/develop.eam-scientific.com\/tr\/wp-json\/wp\/v2\/types\/product"}],"replies":[{"embeddable":true,"href":"https:\/\/develop.eam-scientific.com\/tr\/wp-json\/wp\/v2\/comments?post=14366"}],"wp:featuredmedia":[{"embeddable":true,"href":"https:\/\/develop.eam-scientific.com\/tr\/wp-json\/wp\/v2\/media\/10526"}],"wp:attachment":[{"href":"https:\/\/develop.eam-scientific.com\/tr\/wp-json\/wp\/v2\/media?parent=14366"}],"wp:term":[{"taxonomy":"product_cat","embeddable":true,"href":"https:\/\/develop.eam-scientific.com\/tr\/wp-json\/wp\/v2\/product_cat?post=14366"},{"taxonomy":"product_tag","embeddable":true,"href":"https:\/\/develop.eam-scientific.com\/tr\/wp-json\/wp\/v2\/product_tag?post=14366"}],"curies":[{"name":"wp","href":"https:\/\/api.w.org\/{rel}","templated":true}]}}