{"id":14369,"date":"2024-06-20T15:23:58","date_gmt":"2024-06-20T13:23:58","guid":{"rendered":"http:\/\/develop.eam-scientific.com\/produkt\/vp-hplc-kolonu-preparatif-nucleogen-500-7-deae-7-%c2%b5m-125x10-mm\/"},"modified":"2024-06-20T15:23:58","modified_gmt":"2024-06-20T13:23:58","slug":"vp-hplc-kolonu-preparatif-nucleogen-500-7-deae-7-%c2%b5m-125x10-mm","status":"publish","type":"product","link":"https:\/\/develop.eam-scientific.com\/tr\/produkt\/vp-hplc-kolonu-preparatif-nucleogen-500-7-deae-7-%c2%b5m-125x10-mm\/","title":{"rendered":"VP HPLC kolonu (preparatif), NUCLEOGEN 500-7 DEAE, 7 \u00b5m, 125&#215;10 mm"},"content":{"rendered":"<p>N\u00fckleik asitlerin anyon de\u011fi\u015fim kromatografisi i\u00e7in silika bazl\u0131 HPLC faz\u0131. &gt; Orta molek\u00fcler a\u011f\u0131rl\u0131k aral\u0131\u011f\u0131nda (25000-1000000 Dalton) tRNA, 5S-RNA, viroidler ve mesajc\u0131 RNA&#8217;n\u0131n %95 geri kazan\u0131mla ayr\u0131lmas\u0131 i\u00e7in. Kapasite 125 x 6 mm ID kolon i\u00e7in 730 A260, 125 x 10 mm ID kolon i\u00e7in 1940 A260.<\/p>\n","protected":false},"excerpt":{"rendered":"<p>N\u00fckleik asitlerin anyon de\u011fi\u015fim kromatografisi i\u00e7in silika bazl\u0131 HPLC faz\u0131. &gt; Orta molek\u00fcler a\u011f\u0131rl\u0131k aral\u0131\u011f\u0131nda (25000-1000000 Dalton) tRNA, 5S-RNA, viroidler ve mesajc\u0131 RNA&#8217;n\u0131n %95 geri kazan\u0131mla ayr\u0131lmas\u0131 i\u00e7in. Kapasite 125 x 6 mm ID kolon i\u00e7in 730 A260, 125 x 10 mm ID kolon i\u00e7in 1940 A260.<\/p>\n","protected":false},"featured_media":10520,"comment_status":"open","ping_status":"closed","template":"","meta":[],"product_cat":[121,122,67],"product_tag":[],"class_list":{"0":"post-14369","1":"product","2":"type-product","3":"status-publish","4":"has-post-thumbnail","6":"product_cat-hplc-ve-uhplc","7":"product_cat-hplc-ve-uhplc-kolonlari","8":"product_cat-kromatografi","10":"first","11":"instock","12":"shipping-taxable","13":"product-type-simple"},"_links":{"self":[{"href":"https:\/\/develop.eam-scientific.com\/tr\/wp-json\/wp\/v2\/product\/14369","targetHints":{"allow":["GET"]}}],"collection":[{"href":"https:\/\/develop.eam-scientific.com\/tr\/wp-json\/wp\/v2\/product"}],"about":[{"href":"https:\/\/develop.eam-scientific.com\/tr\/wp-json\/wp\/v2\/types\/product"}],"replies":[{"embeddable":true,"href":"https:\/\/develop.eam-scientific.com\/tr\/wp-json\/wp\/v2\/comments?post=14369"}],"wp:featuredmedia":[{"embeddable":true,"href":"https:\/\/develop.eam-scientific.com\/tr\/wp-json\/wp\/v2\/media\/10520"}],"wp:attachment":[{"href":"https:\/\/develop.eam-scientific.com\/tr\/wp-json\/wp\/v2\/media?parent=14369"}],"wp:term":[{"taxonomy":"product_cat","embeddable":true,"href":"https:\/\/develop.eam-scientific.com\/tr\/wp-json\/wp\/v2\/product_cat?post=14369"},{"taxonomy":"product_tag","embeddable":true,"href":"https:\/\/develop.eam-scientific.com\/tr\/wp-json\/wp\/v2\/product_tag?post=14369"}],"curies":[{"name":"wp","href":"https:\/\/api.w.org\/{rel}","templated":true}]}}