{"id":14376,"date":"2024-06-20T15:29:06","date_gmt":"2024-06-20T13:29:06","guid":{"rendered":"http:\/\/develop.eam-scientific.com\/produkt\/o-ring-preparatif-vp-hplc-kolonlari-icin-aksesuarlar\/"},"modified":"2024-06-20T15:29:06","modified_gmt":"2024-06-20T13:29:06","slug":"o-ring-preparatif-vp-hplc-kolonlari-icin-aksesuarlar","status":"publish","type":"product","link":"https:\/\/develop.eam-scientific.com\/tr\/produkt\/o-ring-preparatif-vp-hplc-kolonlari-icin-aksesuarlar\/","title":{"rendered":"O-ring, preparatif (VP) HPLC kolonlar\u0131 i\u00e7in aksesuarlar"},"content":{"rendered":"<p>VP \u00f6n s\u00fctun tutucusu i\u00e7in O-ring.<\/p>\n","protected":false},"excerpt":{"rendered":"<p>VP \u00f6n s\u00fctun tutucusu i\u00e7in O-ring.<\/p>\n","protected":false},"featured_media":11102,"comment_status":"open","ping_status":"closed","template":"","meta":[],"product_cat":[128,121,67],"product_tag":[],"class_list":{"0":"post-14376","1":"product","2":"type-product","3":"status-publish","4":"has-post-thumbnail","6":"product_cat-hplc-aksesuarlari","7":"product_cat-hplc-ve-uhplc","8":"product_cat-kromatografi","10":"first","11":"instock","12":"shipping-taxable","13":"product-type-simple"},"_links":{"self":[{"href":"https:\/\/develop.eam-scientific.com\/tr\/wp-json\/wp\/v2\/product\/14376","targetHints":{"allow":["GET"]}}],"collection":[{"href":"https:\/\/develop.eam-scientific.com\/tr\/wp-json\/wp\/v2\/product"}],"about":[{"href":"https:\/\/develop.eam-scientific.com\/tr\/wp-json\/wp\/v2\/types\/product"}],"replies":[{"embeddable":true,"href":"https:\/\/develop.eam-scientific.com\/tr\/wp-json\/wp\/v2\/comments?post=14376"}],"wp:featuredmedia":[{"embeddable":true,"href":"https:\/\/develop.eam-scientific.com\/tr\/wp-json\/wp\/v2\/media\/11102"}],"wp:attachment":[{"href":"https:\/\/develop.eam-scientific.com\/tr\/wp-json\/wp\/v2\/media?parent=14376"}],"wp:term":[{"taxonomy":"product_cat","embeddable":true,"href":"https:\/\/develop.eam-scientific.com\/tr\/wp-json\/wp\/v2\/product_cat?post=14376"},{"taxonomy":"product_tag","embeddable":true,"href":"https:\/\/develop.eam-scientific.com\/tr\/wp-json\/wp\/v2\/product_tag?post=14376"}],"curies":[{"name":"wp","href":"https:\/\/api.w.org\/{rel}","templated":true}]}}