{"id":14385,"date":"2024-06-20T15:29:06","date_gmt":"2024-06-20T13:29:06","guid":{"rendered":"http:\/\/develop.eam-scientific.com\/produkt\/kolon-koruma-sistemi-ec-4x2-mm-ve-4x3-mm-oen-kolonlar-icin-oen-kolon-tutucu\/"},"modified":"2024-06-20T15:29:06","modified_gmt":"2024-06-20T13:29:06","slug":"kolon-koruma-sistemi-ec-4x2-mm-ve-4x3-mm-oen-kolonlar-icin-oen-kolon-tutucu","status":"publish","type":"product","link":"https:\/\/develop.eam-scientific.com\/tr\/produkt\/kolon-koruma-sistemi-ec-4x2-mm-ve-4x3-mm-oen-kolonlar-icin-oen-kolon-tutucu\/","title":{"rendered":"Kolon Koruma Sistemi, EC 4&#215;2 mm ve 4&#215;3 mm \u00f6n kolonlar i\u00e7in \u00f6n kolon tutucu"},"content":{"rendered":"<p>Kolon Koruma Sistemi, EC 4&#215;2 mm ve 4&#215;3 mm \u00f6n kolonlar i\u00e7in yenilik\u00e7i ve evrensel bir \u00f6n kolon tutucu sistemidir. 1\/16&#8243; ba\u011flant\u0131 par\u00e7alar\u0131na sahip t\u00fcm analitik HPLC kolonlar\u0131 i\u00e7in uygundur. \u00d6nemli \u00f6l\u00e7\u00fcde uzat\u0131lm\u0131\u015f hizmet \u00f6mr\u00fc i\u00e7in analitik HPLC kolonunuz i\u00e7in ideal koruma. 1300 bar&#8217;a (18850 psi) kadar bas\u0131n\u00e7 stabilitesi.<\/p>\n","protected":false},"excerpt":{"rendered":"<p>Kolon Koruma Sistemi, EC 4&#215;2 mm ve 4&#215;3 mm \u00f6n kolonlar i\u00e7in yenilik\u00e7i ve evrensel bir \u00f6n kolon tutucu sistemidir. 1\/16&#8243; ba\u011flant\u0131 par\u00e7alar\u0131na sahip t\u00fcm analitik HPLC kolonlar\u0131 i\u00e7in uygundur. \u00d6nemli \u00f6l\u00e7\u00fcde uzat\u0131lm\u0131\u015f hizmet \u00f6mr\u00fc i\u00e7in analitik HPLC kolonunuz i\u00e7in ideal koruma. 1300 bar&#8217;a (18850 psi) kadar bas\u0131n\u00e7 stabilitesi.<\/p>\n","protected":false},"featured_media":11098,"comment_status":"open","ping_status":"closed","template":"","meta":[],"product_cat":[128,121,67],"product_tag":[],"class_list":{"0":"post-14385","1":"product","2":"type-product","3":"status-publish","4":"has-post-thumbnail","6":"product_cat-hplc-aksesuarlari","7":"product_cat-hplc-ve-uhplc","8":"product_cat-kromatografi","10":"first","11":"instock","12":"shipping-taxable","13":"product-type-simple"},"_links":{"self":[{"href":"https:\/\/develop.eam-scientific.com\/tr\/wp-json\/wp\/v2\/product\/14385","targetHints":{"allow":["GET"]}}],"collection":[{"href":"https:\/\/develop.eam-scientific.com\/tr\/wp-json\/wp\/v2\/product"}],"about":[{"href":"https:\/\/develop.eam-scientific.com\/tr\/wp-json\/wp\/v2\/types\/product"}],"replies":[{"embeddable":true,"href":"https:\/\/develop.eam-scientific.com\/tr\/wp-json\/wp\/v2\/comments?post=14385"}],"wp:featuredmedia":[{"embeddable":true,"href":"https:\/\/develop.eam-scientific.com\/tr\/wp-json\/wp\/v2\/media\/11098"}],"wp:attachment":[{"href":"https:\/\/develop.eam-scientific.com\/tr\/wp-json\/wp\/v2\/media?parent=14385"}],"wp:term":[{"taxonomy":"product_cat","embeddable":true,"href":"https:\/\/develop.eam-scientific.com\/tr\/wp-json\/wp\/v2\/product_cat?post=14385"},{"taxonomy":"product_tag","embeddable":true,"href":"https:\/\/develop.eam-scientific.com\/tr\/wp-json\/wp\/v2\/product_tag?post=14385"}],"curies":[{"name":"wp","href":"https:\/\/api.w.org\/{rel}","templated":true}]}}