{"id":14389,"date":"2024-06-20T15:28:45","date_gmt":"2024-06-20T13:28:45","guid":{"rendered":"http:\/\/develop.eam-scientific.com\/produkt\/fingertight-fitting-1-16-peek\/"},"modified":"2024-06-20T15:28:45","modified_gmt":"2024-06-20T13:28:45","slug":"fingertight-fitting-1-16-peek","status":"publish","type":"product","link":"https:\/\/develop.eam-scientific.com\/tr\/produkt\/fingertight-fitting-1-16-peek\/","title":{"rendered":"Fingertight fitting 1\/16&#8243;, PEEK"},"content":{"rendered":"<p>HPLC aksesuarlar\u0131 &#8211; Fingertight fitting vidal\u0131 ba\u011flant\u0131 1\/16&#8243;, PEEK, 1 par\u00e7al\u0131 oluk + y\u00fcks\u00fck kombinasyonu.<\/p>\n","protected":false},"excerpt":{"rendered":"<p>HPLC aksesuarlar\u0131 &#8211; Fingertight fitting vidal\u0131 ba\u011flant\u0131 1\/16&#8243;, PEEK, 1 par\u00e7al\u0131 oluk + y\u00fcks\u00fck kombinasyonu.<\/p>\n","protected":false},"featured_media":11096,"comment_status":"open","ping_status":"closed","template":"","meta":[],"product_cat":[128,121,67],"product_tag":[],"class_list":{"0":"post-14389","1":"product","2":"type-product","3":"status-publish","4":"has-post-thumbnail","6":"product_cat-hplc-aksesuarlari","7":"product_cat-hplc-ve-uhplc","8":"product_cat-kromatografi","10":"first","11":"instock","12":"shipping-taxable","13":"product-type-simple"},"_links":{"self":[{"href":"https:\/\/develop.eam-scientific.com\/tr\/wp-json\/wp\/v2\/product\/14389","targetHints":{"allow":["GET"]}}],"collection":[{"href":"https:\/\/develop.eam-scientific.com\/tr\/wp-json\/wp\/v2\/product"}],"about":[{"href":"https:\/\/develop.eam-scientific.com\/tr\/wp-json\/wp\/v2\/types\/product"}],"replies":[{"embeddable":true,"href":"https:\/\/develop.eam-scientific.com\/tr\/wp-json\/wp\/v2\/comments?post=14389"}],"wp:featuredmedia":[{"embeddable":true,"href":"https:\/\/develop.eam-scientific.com\/tr\/wp-json\/wp\/v2\/media\/11096"}],"wp:attachment":[{"href":"https:\/\/develop.eam-scientific.com\/tr\/wp-json\/wp\/v2\/media?parent=14389"}],"wp:term":[{"taxonomy":"product_cat","embeddable":true,"href":"https:\/\/develop.eam-scientific.com\/tr\/wp-json\/wp\/v2\/product_cat?post=14389"},{"taxonomy":"product_tag","embeddable":true,"href":"https:\/\/develop.eam-scientific.com\/tr\/wp-json\/wp\/v2\/product_tag?post=14389"}],"curies":[{"name":"wp","href":"https:\/\/api.w.org\/{rel}","templated":true}]}}