{"id":14395,"date":"2024-06-20T15:28:45","date_gmt":"2024-06-20T13:28:45","guid":{"rendered":"http:\/\/develop.eam-scientific.com\/produkt\/hplc-oen-kolon-tutucu-icin-yedek-yueksuek-ref-718966-peek-partikuel-boyutu-2-%c2%b5m\/"},"modified":"2024-06-20T15:28:45","modified_gmt":"2024-06-20T13:28:45","slug":"hplc-oen-kolon-tutucu-icin-yedek-yueksuek-ref-718966-peek-partikuel-boyutu-2-%c2%b5m","status":"publish","type":"product","link":"https:\/\/develop.eam-scientific.com\/tr\/produkt\/hplc-oen-kolon-tutucu-icin-yedek-yueksuek-ref-718966-peek-partikuel-boyutu-2-%c2%b5m\/","title":{"rendered":"HPLC \u00f6n kolon tutucu i\u00e7in yedek y\u00fcks\u00fck (REF 718966), PEEK, partik\u00fcl boyutu &gt; 2 \u00b5m"},"content":{"rendered":"<p>Kolon Koruma Sistemi i\u00e7in yedek y\u00fcks\u00fckler, evrensel \u00f6n kolon tutucu (REF 718966), partik\u00fcl boyutu &gt; 2 \u03bcm olan HPLC kolonlar\u0131 i\u00e7in PEEK.<\/p>\n","protected":false},"excerpt":{"rendered":"<p>Kolon Koruma Sistemi i\u00e7in yedek y\u00fcks\u00fckler, evrensel \u00f6n kolon tutucu (REF 718966), partik\u00fcl boyutu &gt; 2 \u03bcm olan HPLC kolonlar\u0131 i\u00e7in PEEK.<\/p>\n","protected":false},"featured_media":11088,"comment_status":"open","ping_status":"closed","template":"","meta":[],"product_cat":[128,121,67],"product_tag":[],"class_list":{"0":"post-14395","1":"product","2":"type-product","3":"status-publish","4":"has-post-thumbnail","6":"product_cat-hplc-aksesuarlari","7":"product_cat-hplc-ve-uhplc","8":"product_cat-kromatografi","10":"first","11":"instock","12":"shipping-taxable","13":"product-type-simple"},"_links":{"self":[{"href":"https:\/\/develop.eam-scientific.com\/tr\/wp-json\/wp\/v2\/product\/14395","targetHints":{"allow":["GET"]}}],"collection":[{"href":"https:\/\/develop.eam-scientific.com\/tr\/wp-json\/wp\/v2\/product"}],"about":[{"href":"https:\/\/develop.eam-scientific.com\/tr\/wp-json\/wp\/v2\/types\/product"}],"replies":[{"embeddable":true,"href":"https:\/\/develop.eam-scientific.com\/tr\/wp-json\/wp\/v2\/comments?post=14395"}],"wp:featuredmedia":[{"embeddable":true,"href":"https:\/\/develop.eam-scientific.com\/tr\/wp-json\/wp\/v2\/media\/11088"}],"wp:attachment":[{"href":"https:\/\/develop.eam-scientific.com\/tr\/wp-json\/wp\/v2\/media?parent=14395"}],"wp:term":[{"taxonomy":"product_cat","embeddable":true,"href":"https:\/\/develop.eam-scientific.com\/tr\/wp-json\/wp\/v2\/product_cat?post=14395"},{"taxonomy":"product_tag","embeddable":true,"href":"https:\/\/develop.eam-scientific.com\/tr\/wp-json\/wp\/v2\/product_tag?post=14395"}],"curies":[{"name":"wp","href":"https:\/\/api.w.org\/{rel}","templated":true}]}}